{"id":1086,"date":"2022-05-23T18:59:16","date_gmt":"2022-05-23T21:59:16","guid":{"rendered":"https:\/\/gappesagem.com.br\/site\/?post_type=product&#038;p=1086"},"modified":"2025-12-09T04:54:44","modified_gmt":"2025-12-09T07:54:44","slug":"medicao-de-tensao-em-processos-continuos-web-tension","status":"publish","type":"product","link":"https:\/\/gappesagem.com.br\/site\/produto\/medicao-de-tensao-em-processos-continuos-web-tension\/","title":{"rendered":"Medi\u00e7\u00e3o de Tens\u00e3o em Processos Cont\u00ednuos (Web-Tension)"},"content":{"rendered":"<p>Medi\u00e7\u00e3o de Tens\u00e3o em Processos Cont\u00ednuos (Web-Tension)<\/p>\n<p><span style=\"color: #333399;\"><em>Ideal para ind\u00fastrias de papel, filme pl\u00e1stico, tecido ou tecido-n\u00e3o-tecido, feltro, alum\u00ednio em folhas, fios e demais processos de fabrica\u00e7\u00e3o cont\u00ednua, como em <strong>processos de bobinamento.<\/strong><br \/>\n<\/em><\/span><span style=\"color: #333399;\"><strong><em>Capacidades : De 500 a 70000kgf<br \/>\n<\/em><\/strong><\/span><span style=\"color: #333399;\"><strong><em>Precis\u00e3o: <\/em><\/strong><strong><em>\u00b1<\/em><\/strong><\/span><strong><em><span style=\"color: #333399;\"> 0,2% <\/span> <\/em><\/strong><\/p>\n<p><img fetchpriority=\"high\" decoding=\"async\" class=\"alignleft wp-image-1263\" src=\"http:\/\/gappesagem.com.br\/wp-content\/uploads\/2018\/04\/b1.jpg\" alt=\"\" width=\"355\" height=\"207\" \/> <img decoding=\"async\" class=\"size-full wp-image-1264 alignright\" src=\"http:\/\/gappesagem.com.br\/wp-content\/uploads\/2018\/04\/b2.jpg\" alt=\"\" width=\"339\" height=\"244\" \/><\/p>\n<p>&nbsp;<\/p>\n<p>&nbsp;<\/p>\n<p>&nbsp;<\/p>\n<p>&nbsp;<\/p>\n<p>&nbsp;<\/p>\n<p>&nbsp;<\/p>\n<p style=\"text-align: justify;\"><img decoding=\"async\" class=\"alignleft size-full wp-image-1265\" style=\"margin-right: 12px;\" src=\"http:\/\/gappesagem.com.br\/wp-content\/uploads\/2018\/04\/b3.jpg\" alt=\"\" width=\"284\" height=\"243\" \/><\/p>\n<p style=\"text-align: justify;\">C\u00e9lulas de carga de baixo perfil aplicadas em processos de medi\u00e7\u00e3o de esfor\u00e7os cont\u00ednuos como sistemas de bobinamento cont\u00ednuo, onde se faz necess\u00e1rio a medi\u00e7\u00e3o e o controle de tens\u00e3o mec\u00e2nica efetiva nos processos de fabrica\u00e7\u00e3o e\/ou beneficiamento.<\/p>\n<p style=\"text-align: justify;\">Ap\u00f3s an\u00e1lise dos \u00e2ngulos de entrada e sa\u00edda do material do rolo em rela\u00e7\u00e3o ao melhor aproveitamento da for\u00e7a resultante, c\u00e9lulas de carga s\u00e3o instaladas logo abaixo dos mancais dos rolos de passagem, exigindo pouca altera\u00e7\u00e3o mec\u00e2nica de altura que tem como principal vantagem a baixa altera\u00e7\u00e3o dos \u00e2ngulos de abra\u00e7amento no rolo.<\/p>\n<p style=\"text-align: justify;\">O princ\u00edpio de medi\u00e7\u00e3o \u00e9 baseado na carga resultante orientada em rela\u00e7\u00e3o ao centro est\u00e1tico das c\u00e9lulas, considerando esta como a resultante da for\u00e7a angular, pelo processo de abra\u00e7amento da folha cont\u00ednua. Os esfor\u00e7os s\u00e3o lidos pela deforma\u00e7\u00e3o el\u00e1stica no corpo da c\u00e9lula, obtida pelos strain-gages.<\/p>\n<p style=\"text-align: justify;\">Constru\u00eddas em a\u00e7o de alta resist\u00eancia mec\u00e2nica, possuem prote\u00e7\u00e3o anticorros\u00e3o, pelo processo de N\u00edquel Duro qu\u00edmico, com 20\u00b5m de camada, o qual propicia uma longa sobrevida \u00e0 corros\u00e3o.<\/p>\n<p style=\"text-align: center;\"><a href=\"https:\/\/gappesagem.com.br\/site\/contato\/\"><img loading=\"lazy\" decoding=\"async\" class=\"aligncenter wp-image-1179\" src=\"https:\/\/gappesagem.com.br\/site\/wp-content\/uploads\/2022\/05\/banner_paginas2018.png\" alt=\"\" width=\"420\" height=\"78\" \/><\/a><\/p>\n","protected":false},"excerpt":{"rendered":"<p>Medi\u00e7\u00e3o de Tens\u00e3o em Processos Cont\u00ednuos (Web-Tension) Ideal para ind\u00fastrias de papel, filme pl\u00e1stico, tecido ou tecido-n\u00e3o-tecido, feltro, alum\u00ednio em folhas, fios e demais processos de fabrica\u00e7\u00e3o cont\u00ednua, como em<\/p>\n","protected":false},"featured_media":1210,"comment_status":"open","ping_status":"closed","template":"","meta":{"_joinchat":[]},"product_brand":[],"product_cat":[167],"product_tag":[],"class_list":{"0":"post-1086","1":"product","2":"type-product","3":"status-publish","6":"product_cat-destaque","8":"first","9":"instock","10":"featured","11":"shipping-taxable","12":"product-type-simple"},"_links":{"self":[{"href":"https:\/\/gappesagem.com.br\/site\/wp-json\/wp\/v2\/product\/1086","targetHints":{"allow":["GET"]}}],"collection":[{"href":"https:\/\/gappesagem.com.br\/site\/wp-json\/wp\/v2\/product"}],"about":[{"href":"https:\/\/gappesagem.com.br\/site\/wp-json\/wp\/v2\/types\/product"}],"replies":[{"embeddable":true,"href":"https:\/\/gappesagem.com.br\/site\/wp-json\/wp\/v2\/comments?post=1086"}],"wp:featuredmedia":[{"embeddable":true,"href":"https:\/\/gappesagem.com.br\/site\/wp-json\/wp\/v2\/media\/1210"}],"wp:attachment":[{"href":"https:\/\/gappesagem.com.br\/site\/wp-json\/wp\/v2\/media?parent=1086"}],"wp:term":[{"taxonomy":"product_brand","embeddable":true,"href":"https:\/\/gappesagem.com.br\/site\/wp-json\/wp\/v2\/product_brand?post=1086"},{"taxonomy":"product_cat","embeddable":true,"href":"https:\/\/gappesagem.com.br\/site\/wp-json\/wp\/v2\/product_cat?post=1086"},{"taxonomy":"product_tag","embeddable":true,"href":"https:\/\/gappesagem.com.br\/site\/wp-json\/wp\/v2\/product_tag?post=1086"}],"curies":[{"name":"wp","href":"https:\/\/api.w.org\/{rel}","templated":true}]}}