{"id":1083,"date":"2022-05-23T18:58:25","date_gmt":"2022-05-23T21:58:25","guid":{"rendered":"https:\/\/gappesagem.com.br\/site\/?post_type=product&#038;p=1083"},"modified":"2022-05-26T11:39:30","modified_gmt":"2022-05-26T14:39:30","slug":"solucoes-industriais-para-pos-e-granulados","status":"publish","type":"product","link":"https:\/\/gappesagem.com.br\/site\/produto\/solucoes-industriais-para-pos-e-granulados\/","title":{"rendered":"Solu\u00e7\u00f5es Industriais para P\u00f3s e Granulados"},"content":{"rendered":"<h5 style=\"text-align: justify;\"><span style=\"color: #0000ff;\"><em>Solu\u00e7\u00f5es em dosagens volum\u00e9tricas, por peso, transporte de material, mistura, ensaque, selagem e outros.<\/em><\/span><\/h5>\n<table style=\"border-collapse: collapse; width: 100%;\">\n<tbody>\n<tr>\n<td style=\"width: 33.3333%;\">\n<p><figure id=\"attachment_2980\" aria-describedby=\"caption-attachment-2980\" style=\"width: 177px\" class=\"wp-caption aligncenter\"><img decoding=\"async\" class=\"wp-image-2980\" src=\"http:\/\/gappesagem.com.br\/wp-content\/uploads\/2021\/01\/Foto1Ensacadeira-190x300.jpg\" alt=\"Ensacadeira Autom\u00e1tica\" width=\"177\" height=\"280\" \/><figcaption id=\"caption-attachment-2980\" class=\"wp-caption-text\">Ensacadeira Autom\u00e1tica<\/figcaption><\/figure><\/td>\n<td style=\"width: 33.3333%;\">\n<p><figure id=\"attachment_2981\" aria-describedby=\"caption-attachment-2981\" style=\"width: 208px\" class=\"wp-caption aligncenter\"><img fetchpriority=\"high\" decoding=\"async\" class=\"wp-image-2981\" src=\"http:\/\/gappesagem.com.br\/wp-content\/uploads\/2021\/01\/Foto2dosa-1-223x300.jpg\" alt=\"Dosadores Volum\u00e9tricos\" width=\"208\" height=\"280\" \/><figcaption id=\"caption-attachment-2981\" class=\"wp-caption-text\">Dosadores Volum\u00e9tricos<\/figcaption><\/figure><\/td>\n<td style=\"width: 33.3333%; text-align: center; vertical-align: middle;\">\n<p><figure id=\"attachment_2982\" aria-describedby=\"caption-attachment-2982\" style=\"width: 288px\" class=\"wp-caption aligncenter\"><img decoding=\"async\" class=\"wp-image-2982\" src=\"http:\/\/gappesagem.com.br\/wp-content\/uploads\/2021\/01\/Foto3Transp-1-300x292.jpg\" alt=\"Transportadores Pneum\u00e1ticos\" width=\"288\" height=\"280\" \/><figcaption id=\"caption-attachment-2982\" class=\"wp-caption-text\">Transportadores Pneum\u00e1ticos<\/figcaption><\/figure><\/td>\n<\/tr>\n<tr>\n<td style=\"width: 33.3333%;\">\n<p><figure id=\"attachment_2983\" aria-describedby=\"caption-attachment-2983\" style=\"width: 175px\" class=\"wp-caption aligncenter\"><img loading=\"lazy\" decoding=\"async\" class=\"wp-image-2983\" src=\"http:\/\/gappesagem.com.br\/wp-content\/uploads\/2021\/01\/Foto4bigbag-2-185x300.jpg\" alt=\"Ensacadeira Autom\u00e1tica de Big Bag\" width=\"175\" height=\"285\" \/><figcaption id=\"caption-attachment-2983\" class=\"wp-caption-text\">Ensacadeira Autom\u00e1tica de Big Bag<\/figcaption><\/figure><\/td>\n<td style=\"width: 33.3333%;\">\n<p><figure id=\"attachment_2984\" aria-describedby=\"caption-attachment-2984\" style=\"width: 248px\" class=\"wp-caption aligncenter\"><img loading=\"lazy\" decoding=\"async\" class=\"wp-image-2984\" src=\"http:\/\/gappesagem.com.br\/wp-content\/uploads\/2021\/01\/Foto5MIstu-1-300x167.jpg\" alt=\"Misturador Horizontal\" width=\"248\" height=\"138\" \/><figcaption id=\"caption-attachment-2984\" class=\"wp-caption-text\">Misturador Horizontal<\/figcaption><\/figure><\/td>\n<td style=\"width: 33.3333%;\">\n<p><figure id=\"attachment_2985\" aria-describedby=\"caption-attachment-2985\" style=\"width: 250px\" class=\"wp-caption aligncenter\"><img loading=\"lazy\" decoding=\"async\" class=\"wp-image-2985\" src=\"http:\/\/gappesagem.com.br\/wp-content\/uploads\/2021\/01\/Foto6rosca-1-300x280.jpg\" alt=\"Rosca Transportadora\" width=\"250\" height=\"234\" \/><figcaption id=\"caption-attachment-2985\" class=\"wp-caption-text\">Rosca Transportadora<\/figcaption><\/figure><\/td>\n<\/tr>\n<\/tbody>\n<\/table>\n<p style=\"text-align: center;\"><a href=\"https:\/\/gappesagem.com.br\/site\/contato\/\"><img loading=\"lazy\" decoding=\"async\" class=\"aligncenter wp-image-1179\" src=\"https:\/\/gappesagem.com.br\/site\/wp-content\/uploads\/2022\/05\/banner_paginas2018.png\" alt=\"\" width=\"420\" height=\"78\" \/><\/a><\/p>\n<p>&nbsp;<\/p>\n","protected":false},"excerpt":{"rendered":"<p>Solu\u00e7\u00f5es em dosagens volum\u00e9tricas, por peso, transporte de material, mistura, ensaque, selagem e outros. &nbsp;<\/p>\n","protected":false},"featured_media":1205,"comment_status":"open","ping_status":"closed","template":"","meta":{"_joinchat":[]},"product_brand":[],"product_cat":[167],"product_tag":[],"class_list":{"0":"post-1083","1":"product","2":"type-product","3":"status-publish","6":"product_cat-destaque","8":"first","9":"instock","10":"featured","11":"shipping-taxable","12":"product-type-simple"},"_links":{"self":[{"href":"https:\/\/gappesagem.com.br\/site\/wp-json\/wp\/v2\/product\/1083","targetHints":{"allow":["GET"]}}],"collection":[{"href":"https:\/\/gappesagem.com.br\/site\/wp-json\/wp\/v2\/product"}],"about":[{"href":"https:\/\/gappesagem.com.br\/site\/wp-json\/wp\/v2\/types\/product"}],"replies":[{"embeddable":true,"href":"https:\/\/gappesagem.com.br\/site\/wp-json\/wp\/v2\/comments?post=1083"}],"wp:featuredmedia":[{"embeddable":true,"href":"https:\/\/gappesagem.com.br\/site\/wp-json\/wp\/v2\/media\/1205"}],"wp:attachment":[{"href":"https:\/\/gappesagem.com.br\/site\/wp-json\/wp\/v2\/media?parent=1083"}],"wp:term":[{"taxonomy":"product_brand","embeddable":true,"href":"https:\/\/gappesagem.com.br\/site\/wp-json\/wp\/v2\/product_brand?post=1083"},{"taxonomy":"product_cat","embeddable":true,"href":"https:\/\/gappesagem.com.br\/site\/wp-json\/wp\/v2\/product_cat?post=1083"},{"taxonomy":"product_tag","embeddable":true,"href":"https:\/\/gappesagem.com.br\/site\/wp-json\/wp\/v2\/product_tag?post=1083"}],"curies":[{"name":"wp","href":"https:\/\/api.w.org\/{rel}","templated":true}]}}