{"id":838,"date":"2022-05-06T09:31:32","date_gmt":"2022-05-06T12:31:32","guid":{"rendered":"https:\/\/gappesagem.com.br\/site\/?page_id=838"},"modified":"2022-05-23T10:36:45","modified_gmt":"2022-05-23T13:36:45","slug":"manutencao-de-celulas-de-carga","status":"publish","type":"page","link":"https:\/\/gappesagem.com.br\/site\/manutencao-de-celulas-de-carga\/","title":{"rendered":"Manuten\u00e7\u00e3o de C\u00e9lulas de Carga"},"content":{"rendered":"<div style=\"margin: 0 auto; width: 80%;\"><em><strong>Manuten\u00e7\u00e3o de c\u00e9lulas de carga com tecnologia strain gage.<\/p>\n<p><\/strong><\/em><\/div>\n<div style=\"margin: 0 auto; width: 80%;\"><img decoding=\"async\" class=\"alignleft size-full wp-image-1063\" src=\"https:\/\/gappesagem.com.br\/site\/wp-content\/uploads\/2022\/05\/cellman.png\" alt=\"GAP Pesagem Solu\u00e7\u00f5es Industriais\" width=\"223\" height=\"211\" \/><\/div>\n<div style=\"margin: 0 auto; width: 80%;\">\n<p>Conserto de c\u00e9lulas de carga de capacidades acima de 1000 kgf.<\/p><\/div>\n<p>&nbsp;<\/p>\n<p>&nbsp;<\/p>\n<p>&nbsp;<\/p>\n<div style=\"margin: 0 auto; width: 80%;\">\n<p>&nbsp;<\/p>\n<p>&nbsp;<\/p>\n<p>&nbsp;<\/p>\n<p style=\"text-align: center;\"><a href=\"https:\/\/gappesagem.com.br\/site\/contato\/\"><img decoding=\"async\" class=\"aligncenter wp-image-1179\" src=\"https:\/\/gappesagem.com.br\/site\/wp-content\/uploads\/2022\/05\/banner_paginas2018.png\" alt=\"\" width=\"420\" height=\"78\" \/><\/a><\/p>\n<p>&nbsp;<\/p>\n<p>&nbsp;<\/p>\n<p>&nbsp;<\/p>\n<p>&nbsp;<\/p>\n<\/div>\n","protected":false},"excerpt":{"rendered":"<p>Manuten\u00e7\u00e3o de c\u00e9lulas de carga com tecnologia strain gage. Conserto de c\u00e9lulas de carga de capacidades acima de 1000 kgf. &nbsp; &nbsp; &nbsp; &nbsp; &nbsp; &nbsp; &nbsp; &nbsp; &nbsp; &nbsp;<\/p>\n","protected":false},"author":1,"featured_media":0,"parent":0,"menu_order":0,"comment_status":"closed","ping_status":"closed","template":"","meta":{"_joinchat":[],"footnotes":""},"class_list":{"1":"page","2":"type-page","3":"status-publish","4":"hentry"},"_links":{"self":[{"href":"https:\/\/gappesagem.com.br\/site\/wp-json\/wp\/v2\/pages\/838","targetHints":{"allow":["GET"]}}],"collection":[{"href":"https:\/\/gappesagem.com.br\/site\/wp-json\/wp\/v2\/pages"}],"about":[{"href":"https:\/\/gappesagem.com.br\/site\/wp-json\/wp\/v2\/types\/page"}],"author":[{"embeddable":true,"href":"https:\/\/gappesagem.com.br\/site\/wp-json\/wp\/v2\/users\/1"}],"replies":[{"embeddable":true,"href":"https:\/\/gappesagem.com.br\/site\/wp-json\/wp\/v2\/comments?post=838"}],"version-history":[{"count":8,"href":"https:\/\/gappesagem.com.br\/site\/wp-json\/wp\/v2\/pages\/838\/revisions"}],"predecessor-version":[{"id":1067,"href":"https:\/\/gappesagem.com.br\/site\/wp-json\/wp\/v2\/pages\/838\/revisions\/1067"}],"wp:attachment":[{"href":"https:\/\/gappesagem.com.br\/site\/wp-json\/wp\/v2\/media?parent=838"}],"curies":[{"name":"wp","href":"https:\/\/api.w.org\/{rel}","templated":true}]}}