{"id":836,"date":"2022-05-06T09:31:11","date_gmt":"2022-05-06T12:31:11","guid":{"rendered":"https:\/\/gappesagem.com.br\/site\/?page_id=836"},"modified":"2022-05-24T15:15:25","modified_gmt":"2022-05-24T18:15:25","slug":"manutencao-e-reforma-de-balancas-rodoviarias","status":"publish","type":"page","link":"https:\/\/gappesagem.com.br\/site\/manutencao-e-reforma-de-balancas-rodoviarias\/","title":{"rendered":"Instala\u00e7\u00e3o, Reforma, Manuten\u00e7\u00e3o e Calibra\u00e7\u00e3o de Balan\u00e7as Rodovi\u00e1rias"},"content":{"rendered":"<div style=\"margin: 0 auto; width: 80%;\">\n<p><span style=\"color: #333399;\"><em><strong>Assist\u00eancia t\u00e9cnica de balan\u00e7as rodovi\u00e1rias e de plataforma:<\/strong><\/em><\/span><\/p>\n<ul>\n<li>Reforma, automa\u00e7\u00e3o, instala\u00e7\u00e3o, manuten\u00e7\u00e3o, aumento de plataforma e capacidade, assist\u00eancia t\u00e9cnica corretiva e preventiva de qualquer marca em todo o pa\u00eds.<\/li>\n<li>Calibra\u00e7\u00e3o com pesos padr\u00e3o.<\/li>\n<li>Constru\u00e7\u00e3o e \/ou aproveitamento da obra civil existente.<\/li>\n<li>Convers\u00e3o de balan\u00e7as rodovi\u00e1rias mec\u00e2nicas (com alavancas) em eletr\u00f4nicas com c\u00e9lulas de carga.<\/li>\n<li>Contrato de manuten\u00e7\u00e3o preditiva.<\/li>\n<\/ul>\n<p><strong>Reforma de balan\u00e7a rodovi\u00e1ria 80 ton (18m) &#8211; Grupo Alamo\/Santos\/SP-2018<\/strong><\/p>\n<figure id=\"attachment_1019\" aria-describedby=\"caption-attachment-1019\" style=\"width: 260px\" class=\"wp-caption alignleft\"><img fetchpriority=\"high\" decoding=\"async\" class=\"wp-image-1019 size-full\" src=\"http:\/\/gappesagem.com.br\/wp-content\/uploads\/2018\/04\/image004.jpg\" alt=\"Ferragens Estruturais de base \" width=\"260\" height=\"195\" \/><figcaption id=\"caption-attachment-1019\" class=\"wp-caption-text\">Ferragens Estruturais de base<\/figcaption><\/figure>\n<figure id=\"attachment_1020\" aria-describedby=\"caption-attachment-1020\" style=\"width: 252px\" class=\"wp-caption alignright\"><img decoding=\"async\" class=\"wp-image-1020 size-full\" src=\"http:\/\/gappesagem.com.br\/wp-content\/uploads\/2018\/04\/image006.jpg\" alt=\"Concretagem da base\" width=\"252\" height=\"189\" \/><figcaption id=\"caption-attachment-1020\" class=\"wp-caption-text\">Concretagem da base<\/figcaption><\/figure>\n<p>&nbsp;<\/p>\n<p>&nbsp;<\/p>\n<p>&nbsp;<\/p>\n<p>&nbsp;<\/p>\n<p>&nbsp;<\/p>\n<p>&nbsp;<\/p>\n<figure id=\"attachment_1021\" aria-describedby=\"caption-attachment-1021\" style=\"width: 229px\" class=\"wp-caption alignleft\"><img decoding=\"async\" class=\"wp-image-1021 size-full\" src=\"http:\/\/gappesagem.com.br\/wp-content\/uploads\/2018\/04\/image008.jpg\" alt=\"Caminh\u00e3o com pesos padr\u00e3o para calibra\u00e7\u00e3o\" width=\"229\" height=\"206\" \/><figcaption id=\"caption-attachment-1021\" class=\"wp-caption-text\">Caminh\u00e3o com pesos padr\u00e3o para calibra\u00e7\u00e3o<\/figcaption><\/figure>\n<figure id=\"attachment_1022\" aria-describedby=\"caption-attachment-1022\" style=\"width: 258px\" class=\"wp-caption alignright\"><img loading=\"lazy\" decoding=\"async\" class=\"wp-image-1022 size-full\" src=\"http:\/\/gappesagem.com.br\/wp-content\/uploads\/2018\/04\/image010.jpg\" alt=\"Balan\u00e7a em opera\u00e7\u00e3o\" width=\"258\" height=\"194\" \/><figcaption id=\"caption-attachment-1022\" class=\"wp-caption-text\">Balan\u00e7a em opera\u00e7\u00e3o<\/figcaption><\/figure>\n<p>&nbsp;<\/p>\n<p>&nbsp;<\/p>\n<p>&nbsp;<\/p>\n<p>&nbsp;<\/p>\n<p>&nbsp;<\/p>\n<p>&nbsp;<\/p>\n<p>&nbsp;<\/p>\n<p style=\"text-align: center;\"><a href=\"https:\/\/gappesagem.com.br\/site\/contato\/\"><img loading=\"lazy\" decoding=\"async\" class=\"aligncenter wp-image-1179\" src=\"https:\/\/gappesagem.com.br\/site\/wp-content\/uploads\/2022\/05\/banner_paginas2018.png\" alt=\"\" width=\"420\" height=\"78\" \/><\/a><\/p>\n<\/div>\n","protected":false},"excerpt":{"rendered":"<p>Assist\u00eancia t\u00e9cnica de balan\u00e7as rodovi\u00e1rias e de plataforma: Reforma, automa\u00e7\u00e3o, instala\u00e7\u00e3o, manuten\u00e7\u00e3o, aumento de plataforma e capacidade, assist\u00eancia t\u00e9cnica corretiva e preventiva de qualquer marca em todo o pa\u00eds. Calibra\u00e7\u00e3o<\/p>\n","protected":false},"author":1,"featured_media":0,"parent":0,"menu_order":0,"comment_status":"closed","ping_status":"closed","template":"","meta":{"_joinchat":[],"footnotes":""},"class_list":{"1":"page","2":"type-page","3":"status-publish","4":"hentry"},"_links":{"self":[{"href":"https:\/\/gappesagem.com.br\/site\/wp-json\/wp\/v2\/pages\/836","targetHints":{"allow":["GET"]}}],"collection":[{"href":"https:\/\/gappesagem.com.br\/site\/wp-json\/wp\/v2\/pages"}],"about":[{"href":"https:\/\/gappesagem.com.br\/site\/wp-json\/wp\/v2\/types\/page"}],"author":[{"embeddable":true,"href":"https:\/\/gappesagem.com.br\/site\/wp-json\/wp\/v2\/users\/1"}],"replies":[{"embeddable":true,"href":"https:\/\/gappesagem.com.br\/site\/wp-json\/wp\/v2\/comments?post=836"}],"version-history":[{"count":10,"href":"https:\/\/gappesagem.com.br\/site\/wp-json\/wp\/v2\/pages\/836\/revisions"}],"predecessor-version":[{"id":1160,"href":"https:\/\/gappesagem.com.br\/site\/wp-json\/wp\/v2\/pages\/836\/revisions\/1160"}],"wp:attachment":[{"href":"https:\/\/gappesagem.com.br\/site\/wp-json\/wp\/v2\/media?parent=836"}],"curies":[{"name":"wp","href":"https:\/\/api.w.org\/{rel}","templated":true}]}}