{"id":819,"date":"2022-05-06T09:20:36","date_gmt":"2022-05-06T12:20:36","guid":{"rendered":"https:\/\/gappesagem.com.br\/site\/?page_id=819"},"modified":"2024-03-07T15:54:49","modified_gmt":"2024-03-07T18:54:49","slug":"produtos-e-aplicacoes","status":"publish","type":"page","link":"https:\/\/gappesagem.com.br\/site\/produtos-e-aplicacoes\/","title":{"rendered":"Produtos e Aplica\u00e7\u00f5es"},"content":{"rendered":"<div style=\"margin: 0 auto; width: 80%;\">\n<ul>\n<li style=\"text-align: left;\"><strong>Pesagem Industrial<\/strong><\/li>\n<\/ul>\n<table style=\"width: 98%;\">\n<tbody>\n<tr>\n<td style=\"width: 103px;\"><img decoding=\"async\" class=\"aligncenter size-full wp-image-1789\" src=\"http:\/\/gappesagem.com.br\/wp-content\/uploads\/2016\/06\/bi.jpg\" alt=\"\" width=\"100\" height=\"100\" \/><\/td>\n<td style=\"text-align: left; width: 265px;\"><strong><a href=\"https:\/\/gappesagem.com.br\/site\/balancas\/\">Balan\u00e7as Industriais<\/a><\/strong><\/td>\n<td style=\"width: 100px;\"><img decoding=\"async\" class=\"aligncenter size-full wp-image-1770\" src=\"http:\/\/gappesagem.com.br\/wp-content\/uploads\/2019\/09\/silo_pa.jpg\" alt=\"\" width=\"100\" height=\"100\" \/><\/td>\n<td style=\"width: 276px;\"><strong><a href=\"https:\/\/gappesagem.com.br\/site\/sistemas-de-pesagem-para-tanques-e-silos\/\">Sistemas de pesagem para Tanques e Silos<\/a><\/strong><\/td>\n<\/tr>\n<tr>\n<td style=\"width: 103px;\"><span style=\"width: 100px;\"><img decoding=\"async\" class=\"aligncenter size-full wp-image-1770\" src=\"http:\/\/gappesagem.com.br\/wp-content\/uploads\/2019\/09\/container_p.jpg\" alt=\"\" width=\"100\" height=\"100\" \/><\/span><\/td>\n<td style=\"text-align: left; width: 265px;\"><strong>Balan\u00e7as Especiais Customizadas<\/strong><\/td>\n<td style=\"width: 100px;\"><img loading=\"lazy\" decoding=\"async\" class=\"aligncenter size-full wp-image-1770\" src=\"http:\/\/gappesagem.com.br\/wp-content\/uploads\/2021\/01\/icone_ensacadoras.jpg\" alt=\"\" width=\"100\" height=\"100\" \/><\/td>\n<td style=\"width: 276px;\"><strong><a href=\"https:\/\/gappesagem.com.br\/site\/solucoes-industriais-para-pos-e-granulados\/\">Solu\u00e7\u00f5es Industriais para P\u00f3s e Granulados<\/a><\/strong><\/td>\n<\/tr>\n<\/tbody>\n<\/table>\n<ul>\n<li style=\"text-align: left;\"><strong>Medi\u00e7\u00e3o de For\u00e7as em Levantamento de Cargas<\/strong><\/li>\n<\/ul>\n<table style=\"width: 98%;\">\n<tbody>\n<tr>\n<td style=\"width: 103px;\"><img loading=\"lazy\" decoding=\"async\" class=\"aligncenter size-full wp-image-1775\" src=\"http:\/\/gappesagem.com.br\/wp-content\/uploads\/2018\/08\/eixo.jpg\" alt=\"\" width=\"100\" height=\"100\" \/><\/td>\n<td style=\"text-align: left; width: 265px;\"><a href=\"https:\/\/gappesagem.com.br\/site\/eixos-dinamometricos\/\"><strong>Eixos Dinamom\u00e9tricos<\/strong><\/a><\/td>\n<td style=\"width: 100px;\"><img loading=\"lazy\" decoding=\"async\" class=\"aligncenter size-full wp-image-1781\" src=\"http:\/\/gappesagem.com.br\/wp-content\/uploads\/2018\/08\/tensao.jpg\" alt=\"\" width=\"100\" height=\"100\" \/><\/td>\n<td style=\"width: 276px;\"><a href=\"https:\/\/gappesagem.com.br\/site\/sistemas-de-medicao-de-tensao-de-cabos\/\"><strong>Sistemas de medi\u00e7\u00e3o de tens\u00e3o de cabos<\/strong><\/a><\/td>\n<\/tr>\n<tr>\n<td style=\"width: 103px;\"><img loading=\"lazy\" decoding=\"async\" class=\"alignleft wp-image-2662\" src=\"http:\/\/gappesagem.com.br\/wp-content\/uploads\/2020\/06\/icone_guindastes.jpg\" alt=\"\" width=\"100\" height=\"100\" \/><\/td>\n<td style=\"text-align: left; width: 265px;\"><strong><a href=\"https:\/\/gappesagem.com.br\/site\/solucoes-de-seguranca-para-guindastes\/\">Seguran\u00e7a para Guindastes e Pontes Rolantes<\/a><br \/>\n<\/strong><\/td>\n<td style=\"width: 100px;\"><img loading=\"lazy\" decoding=\"async\" class=\"aligncenter size-full wp-image-2014\" src=\"http:\/\/gappesagem.com.br\/wp-content\/uploads\/2019\/07\/pradio.jpg\" alt=\"\" width=\"100\" height=\"100\" \/><\/td>\n<td style=\"width: 276px;\"><a href=\"https:\/\/gappesagem.com.br\/site\/indicador-digital-portatil-via-radio\/\" rel=\"noopener\"><strong>Indicador Digital Port\u00e1til via R\u00e1dio<\/strong><\/a><\/td>\n<\/tr>\n<tr>\n<td style=\"width: 103px;\"><img loading=\"lazy\" decoding=\"async\" class=\"aligncenter size-full wp-image-1779\" src=\"http:\/\/gappesagem.com.br\/wp-content\/uploads\/2018\/08\/altacap.jpg\" alt=\"\" width=\"100\" height=\"100\" \/><\/td>\n<td style=\"text-align: left; width: 265px;\"><a href=\"https:\/\/gappesagem.com.br\/site\/celula-de-carga-de-alta-capacidade-para-elevacao-de-carga\/\"><strong>C\u00e9lulas de carga de alta capacidade para eleva\u00e7\u00e3o de carga<\/strong><\/a><\/td>\n<td style=\"width: 100px;\"><a href=\"http:\/\/gappesagem.com.br\/limitador-de-carga-mecanico\/\"><span style=\"width: 103px;\"><img loading=\"lazy\" decoding=\"async\" class=\"aligncenter size-full wp-image-1779\" src=\"http:\/\/gappesagem.com.br\/wp-content\/uploads\/2019\/11\/limitadormec_pa.jpg\" alt=\"\" width=\"100\" height=\"100\" \/><\/span><\/a><\/td>\n<td style=\"width: 276px;\"><strong><a href=\"https:\/\/gappesagem.com.br\/site\/limitador-de-carga-mecanico\/\">Limitador de Carga Mec\u00e2nico<\/a><\/strong><\/td>\n<\/tr>\n<tr>\n<td style=\"width: 103px;\"><\/td>\n<td style=\"text-align: left; width: 265px;\"><\/td>\n<td style=\"width: 100px;\"><a href=\"http:\/\/gappesagem.com.br\/medicao-de-forcas-em-levantamento-de-cargas-celula-de-carga-para-tracao-com-ou-sem-cabo\/\"><img loading=\"lazy\" decoding=\"async\" class=\"aligncenter size-thumbnail wp-image-2256\" src=\"http:\/\/gappesagem.com.br\/wp-content\/uploads\/2019\/09\/ag-150x150.jpg\" alt=\"\" width=\"150\" height=\"150\" \/><\/a><\/td>\n<td style=\"width: 276px;\"><a href=\"https:\/\/gappesagem.com.br\/site\/celula-de-carga-para-tracao-com-ou-sem-cabo\/\"><strong>C\u00e9lula de Carga para Tra\u00e7\u00e3o com e sem Cabo<\/strong><\/a><\/td>\n<\/tr>\n<\/tbody>\n<\/table>\n<ul>\n<li><strong>Medi\u00e7\u00e3o e Monitoramento de For\u00e7as<\/strong><\/li>\n<\/ul>\n<table style=\"width: 98%;\">\n<tbody>\n<tr>\n<td style=\"width: 103px;\"><span style=\"width: 100px;\"><img loading=\"lazy\" decoding=\"async\" class=\"aligncenter size-full wp-image-2773\" src=\"http:\/\/gappesagem.com.br\/wp-content\/uploads\/2020\/09\/medmaq20-1.jpg\" alt=\"\" width=\"100\" height=\"100\" \/><\/span><\/td>\n<td style=\"text-align: left; width: 265px;\"><a href=\"https:\/\/gappesagem.com.br\/site\/produto\/medicao-de-forcas-em-maquinas\/\"><strong>Medi\u00e7\u00e3o de for\u00e7as em m\u00e1quinas<\/strong><\/a><\/td>\n<td style=\"width: 100px;\"><img loading=\"lazy\" decoding=\"async\" class=\"aligncenter size-full wp-image-1770\" src=\"http:\/\/gappesagem.com.br\/wp-content\/uploads\/2018\/08\/webtensionic.jpg\" alt=\"\" width=\"100\" height=\"100\" \/><\/td>\n<td style=\"width: 276px;\"><a href=\"https:\/\/gappesagem.com.br\/site\/medicao-de-tensao-em-processos-continuos-web-tension\/\"><strong>Medi\u00e7\u00e3o de tens\u00e3o em processos cont\u00ednuos (web-tension)<\/strong><\/a><\/td>\n<\/tr>\n<\/tbody>\n<tbody>\n<tr>\n<td style=\"width: 103px;\"><img loading=\"lazy\" decoding=\"async\" class=\"aligncenter size-full wp-image-2031\" src=\"http:\/\/gappesagem.com.br\/wp-content\/uploads\/2019\/01\/idorecia.png\" alt=\"\" width=\"100\" height=\"100\" \/><\/td>\n<td style=\"text-align: left; width: 265px;\"><a href=\"https:\/\/gappesagem.com.br\/site\/indicadores-digitais\/\"><strong>Indicadores Digitais<\/strong><\/a><\/td>\n<td style=\"width: 100px;\"><span style=\"width: 103px;\"><img loading=\"lazy\" decoding=\"async\" class=\"alignleft size-thumbnail wp-image-2052\" src=\"http:\/\/gappesagem.com.br\/wp-content\/uploads\/2019\/02\/celcust-150x150.png\" alt=\"\" width=\"100\" height=\"100\" \/><\/span><\/td>\n<td style=\"width: 276px;\"><a href=\"https:\/\/gappesagem.com.br\/site\/celulas-de-carga-especiais-customizadas-2\/\"><strong>C\u00e9lulas de carga especiais customizadas<\/strong><\/a><\/td>\n<\/tr>\n<tr>\n<td style=\"width: 103px;\"><img loading=\"lazy\" decoding=\"async\" class=\"aligncenter size-full wp-image-1773\" src=\"http:\/\/gappesagem.com.br\/wp-content\/uploads\/2018\/08\/altap-1.jpg\" alt=\"\" width=\"100\" height=\"100\" \/><\/td>\n<td style=\"text-align: left; width: 265px;\"><strong><a href=\"https:\/\/gappesagem.com.br\/site\/alta-precisao\/\">C\u00e9lulas de carga para metrologia<\/a><\/strong><\/td>\n<td style=\"width: 100px;\"><span style=\"width: 103px;\"><img loading=\"lazy\" decoding=\"async\" class=\"aligncenter size-full wp-image-1773\" src=\"http:\/\/gappesagem.com.br\/wp-content\/uploads\/2019\/09\/cell_trac19.jpg\" alt=\"\" width=\"100\" height=\"100\" \/><\/span><\/td>\n<td style=\"width: 276px;\"><a href=\"https:\/\/gappesagem.com.br\/site\/celula-de-carga-arruela-de-carga-para-compressao-2\/\"><strong>Arruela de Carga para Compress\u00e3o<\/strong><\/a><\/td>\n<\/tr>\n<tr>\n<td style=\"width: 103px;\"><img loading=\"lazy\" decoding=\"async\" class=\"aligncenter size-full wp-image-1773\" src=\"http:\/\/gappesagem.com.br\/wp-content\/uploads\/2019\/09\/cell_tc19.jpg\" alt=\"\" width=\"100\" height=\"100\" \/><\/td>\n<td style=\"text-align: left; width: 265px;\"><a href=\"https:\/\/gappesagem.com.br\/site\/celula-de-carga-para-tracao-e-compressao-2\/\"><strong>C\u00e9lula de Carga para Tra\u00e7\u00e3o\/Compress\u00e3o<\/strong><\/a><\/td>\n<td style=\"width: 100px;\"><img loading=\"lazy\" decoding=\"async\" class=\"aligncenter size-full wp-image-2269\" src=\"https:\/\/gappesagem.com.br\/site\/wp-content\/uploads\/2022\/06\/guindaste.png\" alt=\"\" width=\"150\" height=\"150\" \/><\/td>\n<td style=\"width: 276px;\"><a href=\"https:\/\/gappesagem.com.br\/site\/sistemas-de-medicao-de-tensao-de-cabos\/\"><strong>Medi\u00e7\u00e3o de Tens\u00e3o em Cabos, com e sem fio.<\/strong><\/a><\/td>\n<\/tr>\n<tr>\n<td style=\"width: 103px;\"><img loading=\"lazy\" decoding=\"async\" class=\"aligncenter size-full wp-image-1792\" src=\"http:\/\/gappesagem.com.br\/wp-content\/uploads\/2018\/08\/pesomorto.jpg\" alt=\"\" width=\"100\" height=\"100\" \/><\/td>\n<td style=\"text-align: left; width: 265px;\"><a href=\"https:\/\/gappesagem.com.br\/site\/alta-precisao\/\"><strong>M\u00e1quinas de Peso Morto<\/strong><\/a><\/td>\n<td style=\"width: 100px;\"><img loading=\"lazy\" decoding=\"async\" class=\"aligncenter size-full wp-image-1765\" src=\"http:\/\/gappesagem.com.br\/wp-content\/uploads\/2018\/08\/calibracaoforcatorque.jpg\" alt=\"\" width=\"100\" height=\"100\" \/><\/td>\n<td style=\"width: 276px;\"><a href=\"https:\/\/gappesagem.com.br\/site\/alta-precisao\/\"><strong>Sistemas de calibra\u00e7\u00e3o de for\u00e7a e torque<\/strong><\/a><\/td>\n<\/tr>\n<\/tbody>\n<\/table>\n<ul>\n<li><strong>Sensores<\/strong><\/li>\n<\/ul>\n<table style=\"width: 98%;\">\n<tbody>\n<tr>\n<td style=\"width: 103px;\"><span style=\"width: 100px;\"><img loading=\"lazy\" decoding=\"async\" class=\"aligncenter size-full wp-image-1767\" src=\"http:\/\/gappesagem.com.br\/wp-content\/uploads\/2018\/08\/forca.jpg\" alt=\"\" width=\"100\" height=\"100\" \/><\/span><\/td>\n<td style=\"text-align: left; width: 265px;\"><a href=\"https:\/\/gappesagem.com.br\/site\/sensores-de-forca-2\/\"><strong>For\u00e7a \/ Deforma\u00e7\u00e3o<\/strong><\/a><\/td>\n<td style=\"width: 100px;\"><img loading=\"lazy\" decoding=\"async\" class=\"aligncenter size-full wp-image-1768\" src=\"http:\/\/gappesagem.com.br\/wp-content\/uploads\/2018\/08\/pressao.jpg\" alt=\"\" width=\"100\" height=\"100\" \/><\/td>\n<td style=\"width: 276px;\"><a href=\"https:\/\/gappesagem.com.br\/site\/sensores-de-pressao\/\"><strong>Press\u00e3o<\/strong><\/a><\/td>\n<\/tr>\n<tr>\n<td style=\"width: 103px;\"><span style=\"width: 100px;\"><img loading=\"lazy\" decoding=\"async\" class=\"aligncenter size-full wp-image-1769\" src=\"http:\/\/gappesagem.com.br\/wp-content\/uploads\/2018\/08\/torque.jpg\" alt=\"\" width=\"100\" height=\"100\" \/><\/span><\/td>\n<td style=\"text-align: left; width: 265px;\"><a href=\"https:\/\/gappesagem.com.br\/site\/sensores-de-torque\/\"><strong>Torque<\/strong><\/a><\/td>\n<td style=\"width: 100px;\"><img loading=\"lazy\" decoding=\"async\" class=\"aligncenter size-full wp-image-1763\" src=\"http:\/\/gappesagem.com.br\/wp-content\/uploads\/2018\/08\/acel.jpg\" alt=\"\" width=\"100\" height=\"100\" \/><\/td>\n<td style=\"width: 276px;\"><a href=\"https:\/\/gappesagem.com.br\/site\/sensores-de-vibracao\/\"><strong>Vibra\u00e7\u00e3o (aceler\u00f4metros)<\/strong><\/a><\/td>\n<\/tr>\n<tr>\n<td style=\"width: 103px;\"><\/td>\n<td style=\"text-align: left; width: 265px;\"><\/td>\n<td style=\"width: 100px;\"><\/td>\n<td style=\"width: 276px;\"><\/td>\n<\/tr>\n<\/tbody>\n<\/table>\n<p>&nbsp;<\/p>\n<\/div>\n<div style=\"margin: 0 auto; width: 420px; background-color: #ff0022;\"><a href=\"http:\/\/gappesagem.com.br\/site\/contato\/\"><img loading=\"lazy\" decoding=\"async\" class=\"aligncenter wp-image-1179\" src=\"http:\/\/gappesagem.com.br\/wp-content\/uploads\/2018\/04\/banner_paginas2018.png\" alt=\"\" width=\"420\" height=\"78\" \/><\/a><\/div>\n","protected":false},"excerpt":{"rendered":"<p>Pesagem Industrial Balan\u00e7as Industriais Sistemas de pesagem para Tanques e Silos Balan\u00e7as Especiais Customizadas Solu\u00e7\u00f5es Industriais para P\u00f3s e Granulados Medi\u00e7\u00e3o de For\u00e7as em Levantamento de Cargas Eixos Dinamom\u00e9tricos Sistemas<\/p>\n","protected":false},"author":1,"featured_media":0,"parent":0,"menu_order":0,"comment_status":"closed","ping_status":"closed","template":"","meta":{"_joinchat":[],"footnotes":""},"class_list":{"1":"page","2":"type-page","3":"status-publish","4":"hentry"},"_links":{"self":[{"href":"https:\/\/gappesagem.com.br\/site\/wp-json\/wp\/v2\/pages\/819","targetHints":{"allow":["GET"]}}],"collection":[{"href":"https:\/\/gappesagem.com.br\/site\/wp-json\/wp\/v2\/pages"}],"about":[{"href":"https:\/\/gappesagem.com.br\/site\/wp-json\/wp\/v2\/types\/page"}],"author":[{"embeddable":true,"href":"https:\/\/gappesagem.com.br\/site\/wp-json\/wp\/v2\/users\/1"}],"replies":[{"embeddable":true,"href":"https:\/\/gappesagem.com.br\/site\/wp-json\/wp\/v2\/comments?post=819"}],"version-history":[{"count":34,"href":"https:\/\/gappesagem.com.br\/site\/wp-json\/wp\/v2\/pages\/819\/revisions"}],"predecessor-version":[{"id":2912,"href":"https:\/\/gappesagem.com.br\/site\/wp-json\/wp\/v2\/pages\/819\/revisions\/2912"}],"wp:attachment":[{"href":"https:\/\/gappesagem.com.br\/site\/wp-json\/wp\/v2\/media?parent=819"}],"curies":[{"name":"wp","href":"https:\/\/api.w.org\/{rel}","templated":true}]}}