{"id":16,"date":"2022-05-04T12:41:08","date_gmt":"2022-05-04T15:41:08","guid":{"rendered":"https:\/\/gappesagem.com.br\/site\/?page_id=16"},"modified":"2022-06-24T10:12:45","modified_gmt":"2022-06-24T13:12:45","slug":"quem-somos","status":"publish","type":"page","link":"https:\/\/gappesagem.com.br\/site\/quem-somos\/","title":{"rendered":"Quem Somos"},"content":{"rendered":"<p style=\"text-align: justify;\" data-wp-editing=\"1\"><img fetchpriority=\"high\" decoding=\"async\" class=\"alignleft wp-image-17\" src=\"https:\/\/gappesagem.com.br\/site\/wp-content\/uploads\/2022\/05\/foto-montagem-quem-somos.jpg\" alt=\"GAP Pesagem Solu\u00e7\u00f5es Industriais\" width=\"475\" height=\"340\" srcset=\"https:\/\/gappesagem.com.br\/site\/wp-content\/uploads\/2022\/05\/foto-montagem-quem-somos.jpg 600w, https:\/\/gappesagem.com.br\/site\/wp-content\/uploads\/2022\/05\/foto-montagem-quem-somos-300x215.jpg 300w\" sizes=\"(max-width: 475px) 100vw, 475px\" \/>A <strong>GAP Solu\u00e7\u00f5es Industriais<\/strong> \u00e9 uma empresa de presta\u00e7\u00e3o de servi\u00e7os de assessoria t\u00e9cnica e suporte comercial na \u00e1rea de Pesagem Industrial e Controle de Processos Industriais que envolvam medi\u00e7\u00e3o de For\u00e7a, Press\u00e3o, Torque e Vibra\u00e7\u00e3o.<br \/>\nConta com a parceria de mais de 10 empresas que atuam na \u00e1rea de automa\u00e7\u00e3o e instrumenta\u00e7\u00e3o industrial.<\/p>\n<p style=\"text-align: justify;\"><strong>Objetivo:<br \/>\n<\/strong>Auxiliar os profissionais das \u00e1reas t\u00e9cnicas da ind\u00fastria, dos mais diversos segmentos, a encontrar solu\u00e7\u00f5es com produtos e equipamentos de novas tecnologias em \u00e2mbito global alinhados em um trabalho de busca de melhoria cont\u00ednua e redu\u00e7\u00e3o de custos.<\/p>\n<p style=\"text-align: justify;\">Contando com uma viv\u00eancia de mais de 20 anos neste setor, atende os websites <a href=\"http:\/\/www.celuladecarga.com.br\" target=\"_blank\" rel=\"noopener noreferrer\"><strong>www.celuladecarga.com.br<\/strong><\/a> e <a href=\"http:\/\/www.sistemasdepesagem.com.br\" target=\"_blank\" rel=\"noopener noreferrer\"><strong>www.sistemasdepesagem.com.br<\/strong><\/a>.<\/p>\n<h5><\/h5>\n<h5><\/h5>\n<p>&nbsp;<\/p>\n<h5>Representadas<\/h5>\n<p style=\"text-align: justify;\"><strong><img decoding=\"async\" class=\"alignleft wp-image-1042\" src=\"https:\/\/gappesagem.com.br\/site\/wp-content\/uploads\/2022\/05\/rep_22qs.png\" alt=\"GAP Pesagem Solu\u00e7\u00f5es Industriais\" width=\"468\" height=\"312\" srcset=\"https:\/\/gappesagem.com.br\/site\/wp-content\/uploads\/2022\/05\/rep_22qs.png 660w, https:\/\/gappesagem.com.br\/site\/wp-content\/uploads\/2022\/05\/rep_22qs-300x200.png 300w, https:\/\/gappesagem.com.br\/site\/wp-content\/uploads\/2022\/05\/rep_22qs-600x400.png 600w\" sizes=\"(max-width: 468px) 100vw, 468px\" \/>Grupo Kistler, <\/strong>com sede na Su\u00ed\u00e7a desde 1959, \u00e9 l\u00edder mundial em tecnologia de <strong>medi\u00e7\u00e3o din\u00e2mica de press\u00e3o, for\u00e7a, acelera\u00e7\u00e3o e torque<\/strong> em aplica\u00e7\u00f5es como no desenvolvimento e monitoramento de motores, fabrica\u00e7\u00e3o de ve\u00edculos, processamento de pl\u00e1sticos e usinagem de metais, bem como nos processos de montagem e teste em geral. \u00bb <em><a href=\"https:\/\/gappesagem.com.br\/site\/sensores-forca-pressao-torque-e-vibracao-3\/\">Conhe\u00e7a a linha Kistler<\/a><\/em><\/p>\n<p style=\"text-align: justify;\"><strong>Tovey Engineering<\/strong>, fabrica c\u00e9lulas de carga de alta precis\u00e3o para aplica\u00e7\u00f5es em metrologia, ensaios mec\u00e2nicos de fadiga e uso geral nas capacidades de 0,450kgf a 450tf, medidores de torque de 2,8 a 565 Nm, Sistemas de Calibra\u00e7\u00e3o de For\u00e7a e Torque, M\u00e1quinas de Peso-Morto e Indicadores Digitais com resolu\u00e7\u00e3o de 0,00001 mV\/V. \u00bb <a href=\"https:\/\/gappesagem.com.br\/site\/alta-precisao\/\"><em>Conhe\u00e7a a linha Tovey<\/em><\/a><\/p>\n<p style=\"text-align: justify;\"><strong><br \/>\nBMAX Manuten\u00e7\u00e3o e Vendas, <\/strong>Inversores de Frequ\u00eancia, Soft Starter, Motores El\u00e9tricos, Moto bombas, Pain\u00e9is de Comando, Redutores. Projetos de Automa\u00e7\u00e3o Industrial e Predial. \u00bb <a href=\"https:\/\/www.bmaxonline.com.br\/\" target=\"_blank\" rel=\"noopener noreferrer\"><em>Conhe\u00e7a a linha BMAX<\/em><\/a><\/p>\n<p>&nbsp;<\/p>\n<p style=\"text-align: right;\"><a href=\"http:\/\/gappesagem.com.br\/site\/contato\/\"><button style=\"width: 220px;\">Consulte-nos!<\/button><\/a><\/p>\n<p style=\"text-align: right;\"><a href=\"http:\/\/gappesagem.com.br\/site\/produtos-e-aplicacoes\/\"><button style=\"width: 220px;\">Saiba mais\u2026<\/button><\/a><\/p>\n","protected":false},"excerpt":{"rendered":"<p>A GAP Solu\u00e7\u00f5es Industriais \u00e9 uma empresa de presta\u00e7\u00e3o de servi\u00e7os de assessoria t\u00e9cnica e suporte comercial na \u00e1rea de Pesagem Industrial e Controle de Processos Industriais que envolvam medi\u00e7\u00e3o<\/p>\n","protected":false},"author":1,"featured_media":0,"parent":0,"menu_order":0,"comment_status":"closed","ping_status":"closed","template":"","meta":{"_joinchat":[],"footnotes":""},"class_list":{"1":"page","2":"type-page","3":"status-publish","4":"hentry"},"_links":{"self":[{"href":"https:\/\/gappesagem.com.br\/site\/wp-json\/wp\/v2\/pages\/16","targetHints":{"allow":["GET"]}}],"collection":[{"href":"https:\/\/gappesagem.com.br\/site\/wp-json\/wp\/v2\/pages"}],"about":[{"href":"https:\/\/gappesagem.com.br\/site\/wp-json\/wp\/v2\/types\/page"}],"author":[{"embeddable":true,"href":"https:\/\/gappesagem.com.br\/site\/wp-json\/wp\/v2\/users\/1"}],"replies":[{"embeddable":true,"href":"https:\/\/gappesagem.com.br\/site\/wp-json\/wp\/v2\/comments?post=16"}],"version-history":[{"count":50,"href":"https:\/\/gappesagem.com.br\/site\/wp-json\/wp\/v2\/pages\/16\/revisions"}],"predecessor-version":[{"id":1901,"href":"https:\/\/gappesagem.com.br\/site\/wp-json\/wp\/v2\/pages\/16\/revisions\/1901"}],"wp:attachment":[{"href":"https:\/\/gappesagem.com.br\/site\/wp-json\/wp\/v2\/media?parent=16"}],"curies":[{"name":"wp","href":"https:\/\/api.w.org\/{rel}","templated":true}]}}