{"id":1464,"date":"2022-05-31T10:01:19","date_gmt":"2022-05-31T13:01:19","guid":{"rendered":"https:\/\/gappesagem.com.br\/site\/?page_id=1464"},"modified":"2022-05-31T11:49:58","modified_gmt":"2022-05-31T14:49:58","slug":"indicadores-digitais","status":"publish","type":"page","link":"https:\/\/gappesagem.com.br\/site\/indicadores-digitais\/","title":{"rendered":"Indicadores Digitais"},"content":{"rendered":"<p style=\"text-align: justify;\"><img fetchpriority=\"high\" decoding=\"async\" style=\"margin-right: 22px;;\" class=\"alignleft size-full wp-image-2036\" src=\"http:\/\/gappesagem.com.br\/wp-content\/uploads\/2019\/01\/indis4.png\" alt=\"\" width=\"300\" height=\"219\" \/><\/p>\n<p>&nbsp;<\/p>\n<p style=\"text-align: justify;\">Os indicadores digitais para c\u00e9lulas de carga s\u00e3o <strong>condicionadores de sinais<\/strong> e de maneira geral s\u00e3o previstos para fornecer uma tens\u00e3o de 10 a 15 Vcc e receber o sinal de uma c\u00e9lula de carga (0 a 20mV a 30mV).<\/p>\n<p>&nbsp;<\/p>\n<p>&nbsp;<\/p>\n<p>&nbsp;<\/p>\n<p style=\"text-align: justify;\">Possuem caracter\u00edsticas b\u00e1sicas como:<\/p>\n<ul>\n<li style=\"text-align: justify;\">Alimenta\u00e7\u00e3o: 110\/220Vca e\/ou 12Vcc e 24Vcc<\/li>\n<li style=\"text-align: justify;\">Sa\u00eddas anal\u00f3gicas: 0 a 20mA, 4 a 20mA, 0 a 10Vcc, -10V a +10Vcc, 0 a 5Vcc<\/li>\n<li style=\"text-align: justify;\">Sinais de entrada: 1 a 3 mV\/V ( Para indicadores de alta precis\u00e3o : 4,5mV\/V)<\/li>\n<li style=\"text-align: justify;\">Displays: Num\u00e9rico LED, Num\u00e9rico LSD, Alfanum\u00e9rico (geralmente LCD), Gr\u00e1fico (monocrom\u00e1tico ou colorido)<\/li>\n<li style=\"text-align: justify;\">Comunica\u00e7\u00e3o: RS 232, RS 485, PROFIBUS-DP, DeviceNet, Ethernet ModBus-TCP, CANopen<\/li>\n<\/ul>\n<p>&nbsp;<\/p>\n<p style=\"text-align:center;\">\n<a href=\"https:\/\/gappesagem.com.br\/site\/contato\/\"><img decoding=\"async\" class=\"aligncenter wp-image-1179\" src=\"https:\/\/gappesagem.com.br\/site\/wp-content\/uploads\/2022\/05\/banner_paginas2018.png\" alt=\"\" width=\"420\" height=\"78\" \/><\/a><\/p>\n","protected":false},"excerpt":{"rendered":"<p>&nbsp; Os indicadores digitais para c\u00e9lulas de carga s\u00e3o condicionadores de sinais e de maneira geral s\u00e3o previstos para fornecer uma tens\u00e3o de 10 a 15 Vcc e receber o<\/p>\n","protected":false},"author":1,"featured_media":0,"parent":0,"menu_order":0,"comment_status":"closed","ping_status":"closed","template":"","meta":{"_joinchat":[],"footnotes":""},"class_list":{"1":"page","2":"type-page","3":"status-publish","4":"hentry"},"_links":{"self":[{"href":"https:\/\/gappesagem.com.br\/site\/wp-json\/wp\/v2\/pages\/1464","targetHints":{"allow":["GET"]}}],"collection":[{"href":"https:\/\/gappesagem.com.br\/site\/wp-json\/wp\/v2\/pages"}],"about":[{"href":"https:\/\/gappesagem.com.br\/site\/wp-json\/wp\/v2\/types\/page"}],"author":[{"embeddable":true,"href":"https:\/\/gappesagem.com.br\/site\/wp-json\/wp\/v2\/users\/1"}],"replies":[{"embeddable":true,"href":"https:\/\/gappesagem.com.br\/site\/wp-json\/wp\/v2\/comments?post=1464"}],"version-history":[{"count":4,"href":"https:\/\/gappesagem.com.br\/site\/wp-json\/wp\/v2\/pages\/1464\/revisions"}],"predecessor-version":[{"id":1564,"href":"https:\/\/gappesagem.com.br\/site\/wp-json\/wp\/v2\/pages\/1464\/revisions\/1564"}],"wp:attachment":[{"href":"https:\/\/gappesagem.com.br\/site\/wp-json\/wp\/v2\/media?parent=1464"}],"curies":[{"name":"wp","href":"https:\/\/api.w.org\/{rel}","templated":true}]}}