{"id":1460,"date":"2022-05-31T09:59:10","date_gmt":"2022-05-31T12:59:10","guid":{"rendered":"https:\/\/gappesagem.com.br\/site\/?page_id=1460"},"modified":"2022-05-31T11:41:44","modified_gmt":"2022-05-31T14:41:44","slug":"medicao-de-forcas-em-maquinas","status":"publish","type":"page","link":"https:\/\/gappesagem.com.br\/site\/medicao-de-forcas-em-maquinas\/","title":{"rendered":"Medi\u00e7\u00e3o de For\u00e7as em M\u00e1quinas"},"content":{"rendered":"<p>A medi\u00e7\u00e3o de for\u00e7as em m\u00e1quinas pode ser feita utilizando-se:<\/p>\n<ul>\n<li>C\u00e9lulas de carga \/ Sensores de for\u00e7a &#8230;<a href=\"https:\/\/gappesagem.com.br\/site\/sensores-de-forca\/\"><em>saiba mais<\/em><\/a><\/li>\n<\/ul>\n<ul>\n<li>Sensores de Deforma\u00e7\u00e3o (ex. prensas).<\/li>\n<\/ul>\n<p><img decoding=\"async\" style=\"margin-right:22px;\" class=\"alignleft size-full wp-image-889\" src=\"http:\/\/gappesagem.com.br\/wp-content\/uploads\/2017\/09\/foto-1-texto.jpg\" alt=\"foto 1 texto\" width=\"153\" height=\"87\" \/><\/p>\n<p style=\"text-align: justify;\">O sensor de deforma\u00e7\u00e3o \u00e9 adequado para medir as for\u00e7as din\u00e2micas e quase est\u00e1ticas sobre pe\u00e7as de m\u00e1quinas fixas ou em movimento. O sensor mede a deforma\u00e7\u00e3o proporcional \u00e0 for\u00e7a da m\u00e1quina ou superf\u00edcies estruturais (medi\u00e7\u00e3o indireta). Design de alta sensibilidade e compensa\u00e7\u00e3o \u00e0 acelera\u00e7\u00e3o este sensor permite a supervis\u00e3o de processos em m\u00e1quinas com processo de execu\u00e7\u00e3o r\u00e1pida como em <strong>prensas e m\u00e1quinas de montagem autom\u00e1ticas<\/strong>.<\/p>\n<ul style=\"text-align: justify;\">\n<li>Sensibilidade de medi\u00e7\u00e3o muito alta incluindo pequenas for\u00e7as podem ser medidas com precis\u00e3o.<\/li>\n<li>Devido \u00e0 sua baixa sensibilidade \u00e0 acelera\u00e7\u00e3o tamb\u00e9m \u00e9 adequado para medi\u00e7\u00f5es em partes m\u00f3veis.<\/li>\n<li>Faixa de medi\u00e7\u00e3o for\u00e7as de tra\u00e7\u00e3o e compress\u00e3o.<\/li>\n<li>F\u00e1cil montagem, uma vez que o sensor \u00e9 instalado com um \u00fanico parafuso M6.<\/li>\n<li>Design \u00e0 prova de sobrecarga.<\/li>\n<li>Grau de prote\u00e7\u00e3o IP65 com cabo conectado<\/li>\n<\/ul>\n<p style=\"text-align: justify;\"><strong>Descri\u00e7\u00e3o<\/strong><\/p>\n<p style=\"text-align: justify;\"><img decoding=\"async\" class=\"alignleft size-full wp-image-890\" src=\"http:\/\/gappesagem.com.br\/wp-content\/uploads\/2017\/09\/Foto-2-texto.jpg\" alt=\"Foto 2 texto\" width=\"189\" height=\"128\" \/>O sensor de deforma\u00e7\u00e3o possui duas superf\u00edcies de contato com a superf\u00edcie da m\u00e1quina ou estrutura e este serve como um elemento de transmiss\u00e3o el\u00e1stica e convertendo o deslocamento em uma for\u00e7a. Os elementos piezoel\u00e9tricos submetidos a deforma\u00e7\u00e3o por esfor\u00e7o de cisalhamento produzem uma carga el\u00e9trica Q (pC) proporcional \u00e0 esta for\u00e7a.<\/p>\n<p style=\"text-align: justify;\">O sinal de medi\u00e7\u00e3o pode ser processado como um valor relativo.<\/p>\n<p style=\"text-align: justify;\"><strong>Alguns dados t\u00e9cnicos:<\/strong><\/p>\n<ul>\n<li style=\"text-align: justify;\">Faixa de medi\u00e7\u00e3o: -600&#8230;..600\u00b5\u025b<\/li>\n<li style=\"text-align: justify;\">Sobrecarga: -900&#8230;.900\u00b5\u025b<\/li>\n<li style=\"text-align: justify;\">Sensibilidade: pC\/\u00b5\u025b<\/li>\n<li style=\"text-align: justify;\">Linearidade: aproximadamente \u2264\u00b12 %FSO<\/li>\n<li style=\"text-align: justify;\">Histerese: \u2264\u00b13 %FSO<\/li>\n<li style=\"text-align: justify;\">Temperatura de trabalho: 0 &#8230;70\u00b0C<\/li>\n<li style=\"text-align: justify;\">Grau de prote\u00e7\u00e3o: IP65 (com cabo conectado)<\/li>\n<li style=\"text-align: justify;\">Peso: 50g<\/li>\n<li style=\"text-align: justify;\">Dimens\u00f5es: 40 x 17 x 15mm<\/li>\n<\/ul>\n<p>&nbsp;<\/p>\n<p style=\"text-align: justify;\"><strong>Aplica\u00e7\u00f5es<\/strong><\/p>\n<p><img fetchpriority=\"high\" decoding=\"async\" class=\"wp-image-891 alignleft\" src=\"http:\/\/gappesagem.com.br\/wp-content\/uploads\/2017\/09\/Foto-3-texto.jpg\" alt=\"Foto 3 texto\" width=\"295\" height=\"200\" \/><img loading=\"lazy\" decoding=\"async\" class=\"wp-image-892 alignleft\" src=\"http:\/\/gappesagem.com.br\/wp-content\/uploads\/2017\/09\/Foto-Destaques.jpg\" alt=\"Foto Destaques\" width=\"168\" height=\"200\" \/><\/p>\n<p>&nbsp;<\/p>\n<p>&nbsp;<\/p>\n<p>&nbsp;<\/p>\n<p>&nbsp;<\/p>\n<p>&nbsp;<\/p>\n<ul>\n<li style=\"text-align: justify;\">Controle de todo o tipo de m\u00e1quina de Estrutura em C: por exemplo, prensas e m\u00e1quinas de montagem autom\u00e1tica. Devido a sua facilidade de instala\u00e7\u00e3o, o sensor \u00e9 ideal para m\u00e1quinas existentes.<\/li>\n<li style=\"text-align: justify;\">Controle de seguran\u00e7a da m\u00e1quina, por exemplo, prote\u00e7\u00e3o contra sobrecarga em prensas mec\u00e2nicas.<\/li>\n<li style=\"text-align: justify;\">Controle de qualidade em processos de montagem, por exemplo, em rebitagem orbital, rebitagem ou soldagem por pontos.<\/li>\n<li style=\"text-align: justify;\">Seguran\u00e7a em m\u00e1quinas-ferramenta, por exemplo, r\u00e1pida detec\u00e7\u00e3o de ruptura ou colis\u00e3o da ferramenta.<\/li>\n<\/ul>\n<p>&nbsp;<\/p>\n<p style=\"text-align: justify;\"><strong>Montagem<\/strong><\/p>\n<ul>\n<li style=\"text-align: justify;\">Alinhamento do sensor na estrutura da m\u00e1quina: O eixo de medi\u00e7\u00e3o deve estar localizado de acordo com a melhor curva de estresse poss\u00edvel.<\/li>\n<li style=\"text-align: justify;\">A se\u00e7\u00e3o de cabo perto do sensor deve ser livre tens\u00f5es. O cabo deve ser fixado para evitar tens\u00e3o ou transmiss\u00e3o de vibra\u00e7\u00f5es.<\/li>\n<li style=\"text-align: justify;\">Definir o ponto de instala\u00e7\u00e3o e fazer uma rosca M6x22.<\/li>\n<\/ul>\n<p>&nbsp;<\/p>\n<p><strong>Sensor de for\u00e7a piezoel\u00e9trico de alta capacidade<br \/>\n<\/strong><span style=\"color: #333399;\"><em>Medi\u00e7\u00e3o de for\u00e7as de compress\u00e3o quase est\u00e1ticas e din\u00e2micas<\/em><\/span><\/p>\n<p><span style=\"color: #333399;\"><strong>Capacidades: 50 a 20000 kN<\/strong><\/span><\/p>\n<figure id=\"attachment_1501\" aria-describedby=\"caption-attachment-1501\" style=\"width: 315px\" class=\"wp-caption alignleft\"><img loading=\"lazy\" decoding=\"async\" class=\"wp-image-1501 size-full\" src=\"http:\/\/gappesagem.com.br\/wp-content\/uploads\/2018\/04\/Applic.Megan_.jpg\" alt=\"\" width=\"315\" height=\"239\" \/><figcaption id=\"caption-attachment-1501\" class=\"wp-caption-text\">.<\/figcaption><\/figure>\n<figure id=\"attachment_1502\" aria-describedby=\"caption-attachment-1502\" style=\"width: 206px\" class=\"wp-caption alignleft\"><img loading=\"lazy\" decoding=\"async\" class=\"wp-image-1502\" src=\"http:\/\/gappesagem.com.br\/wp-content\/uploads\/2018\/04\/Megan.jpg\" alt=\"\" width=\"206\" height=\"238\" \/><figcaption id=\"caption-attachment-1502\" class=\"wp-caption-text\">.<\/figcaption><\/figure>\n<p>&nbsp;<\/p>\n<p>&nbsp;<\/p>\n<p>&nbsp;<\/p>\n<p>&nbsp;<\/p>\n<p>&nbsp;<\/p>\n<p>&nbsp;<\/p>\n<p>&nbsp;<\/p>\n<p>Os sensores de for\u00e7a piezoel\u00e9tricos de alta capacidade s\u00e3o usados para as seguintes aplica\u00e7\u00f5es:<\/p>\n<ul>\n<li><span style=\"color: #333399;\"><em>Verifica\u00e7\u00e3o e \/ ou calibra\u00e7\u00e3o de for\u00e7as de compress\u00e3o em prensas hidr\u00e1ulicas.<\/em><\/span><\/li>\n<li><span style=\"color: #333399;\"><em>Medir a distribui\u00e7\u00e3o de for\u00e7a em grandes prensas determinando os desvios causados \u200b\u200b pela aplica\u00e7\u00e3o de for\u00e7a exc\u00eantrica.<\/em><\/span><\/li>\n<\/ul>\n<p><strong>Sistema completo<br \/>\n<\/strong><\/p>\n<figure id=\"attachment_900\" aria-describedby=\"caption-attachment-900\" style=\"width: 800px\" class=\"wp-caption alignleft\"><img loading=\"lazy\" decoding=\"async\" class=\"wp-image-900 size-full\" src=\"http:\/\/gappesagem.com.br\/wp-content\/uploads\/2017\/09\/montagem_sdef.png\" alt=\"montagem_sdef\" width=\"800\" height=\"500\" \/><figcaption id=\"caption-attachment-900\" class=\"wp-caption-text\">.<\/figcaption><\/figure>\n<p>&nbsp;<\/p>\n<p style=\"text-align:center;\">\n<a href=\"https:\/\/gappesagem.com.br\/site\/contato\/\"><img loading=\"lazy\" decoding=\"async\" class=\"aligncenter wp-image-1179\" src=\"https:\/\/gappesagem.com.br\/site\/wp-content\/uploads\/2022\/05\/banner_paginas2018.png\" alt=\"\" width=\"420\" height=\"78\" \/><\/a><\/p>\n","protected":false},"excerpt":{"rendered":"<p>A medi\u00e7\u00e3o de for\u00e7as em m\u00e1quinas pode ser feita utilizando-se: C\u00e9lulas de carga \/ Sensores de for\u00e7a &#8230;saiba mais Sensores de Deforma\u00e7\u00e3o (ex. prensas). O sensor de deforma\u00e7\u00e3o \u00e9 adequado<\/p>\n","protected":false},"author":1,"featured_media":0,"parent":0,"menu_order":0,"comment_status":"closed","ping_status":"closed","template":"","meta":{"_joinchat":[],"footnotes":""},"class_list":{"1":"page","2":"type-page","3":"status-publish","4":"hentry"},"_links":{"self":[{"href":"https:\/\/gappesagem.com.br\/site\/wp-json\/wp\/v2\/pages\/1460","targetHints":{"allow":["GET"]}}],"collection":[{"href":"https:\/\/gappesagem.com.br\/site\/wp-json\/wp\/v2\/pages"}],"about":[{"href":"https:\/\/gappesagem.com.br\/site\/wp-json\/wp\/v2\/types\/page"}],"author":[{"embeddable":true,"href":"https:\/\/gappesagem.com.br\/site\/wp-json\/wp\/v2\/users\/1"}],"replies":[{"embeddable":true,"href":"https:\/\/gappesagem.com.br\/site\/wp-json\/wp\/v2\/comments?post=1460"}],"version-history":[{"count":5,"href":"https:\/\/gappesagem.com.br\/site\/wp-json\/wp\/v2\/pages\/1460\/revisions"}],"predecessor-version":[{"id":1557,"href":"https:\/\/gappesagem.com.br\/site\/wp-json\/wp\/v2\/pages\/1460\/revisions\/1557"}],"wp:attachment":[{"href":"https:\/\/gappesagem.com.br\/site\/wp-json\/wp\/v2\/media?parent=1460"}],"curies":[{"name":"wp","href":"https:\/\/api.w.org\/{rel}","templated":true}]}}