{"id":1458,"date":"2022-05-31T09:58:43","date_gmt":"2022-05-31T12:58:43","guid":{"rendered":"https:\/\/gappesagem.com.br\/site\/?page_id=1458"},"modified":"2023-06-23T10:47:14","modified_gmt":"2023-06-23T13:47:14","slug":"celula-de-carga-para-tracao-com-ou-sem-cabo","status":"publish","type":"page","link":"https:\/\/gappesagem.com.br\/site\/celula-de-carga-para-tracao-com-ou-sem-cabo\/","title":{"rendered":"C\u00e9lula de Carga para tra\u00e7\u00e3o com ou sem cabo"},"content":{"rendered":"<p style=\"text-align: center;\"><img fetchpriority=\"high\" decoding=\"async\" class=\"aligncenter size-full wp-image-2251\" src=\"https:\/\/gappesagem.com.br\/site\/wp-content\/uploads\/2023\/06\/ags23b.png\" alt=\"\" width=\"767\" height=\"488\" \/><\/p>\n<p class=\"aligncenter\"><img decoding=\"async\" class=\"size-medium wp-image-2623 aligncenter\" src=\"https:\/\/gappesagem.com.br\/site\/wp-content\/uploads\/2023\/06\/agsetas-85x300.png\" alt=\"\" width=\"153\" height=\"540\" srcset=\"https:\/\/gappesagem.com.br\/site\/wp-content\/uploads\/2023\/06\/agsetas-85x300.png 85w, https:\/\/gappesagem.com.br\/site\/wp-content\/uploads\/2023\/06\/agsetas.png 129w\" sizes=\"(max-width: 153px) 100vw, 153px\" \/><\/p>\n<p style=\"text-align: center;\"><a href=\"https:\/\/gappesagem.com.br\/site\/contato\/\"><img decoding=\"async\" class=\"aligncenter wp-image-1179\" src=\"https:\/\/gappesagem.com.br\/site\/wp-content\/uploads\/2022\/05\/banner_paginas2018.png\" alt=\"\" width=\"420\" height=\"78\" \/><\/a><\/p>\n","protected":false},"excerpt":{"rendered":"","protected":false},"author":1,"featured_media":0,"parent":0,"menu_order":0,"comment_status":"closed","ping_status":"closed","template":"","meta":{"_joinchat":[],"footnotes":""},"class_list":{"1":"page","2":"type-page","3":"status-publish","4":"hentry"},"_links":{"self":[{"href":"https:\/\/gappesagem.com.br\/site\/wp-json\/wp\/v2\/pages\/1458","targetHints":{"allow":["GET"]}}],"collection":[{"href":"https:\/\/gappesagem.com.br\/site\/wp-json\/wp\/v2\/pages"}],"about":[{"href":"https:\/\/gappesagem.com.br\/site\/wp-json\/wp\/v2\/types\/page"}],"author":[{"embeddable":true,"href":"https:\/\/gappesagem.com.br\/site\/wp-json\/wp\/v2\/users\/1"}],"replies":[{"embeddable":true,"href":"https:\/\/gappesagem.com.br\/site\/wp-json\/wp\/v2\/comments?post=1458"}],"version-history":[{"count":15,"href":"https:\/\/gappesagem.com.br\/site\/wp-json\/wp\/v2\/pages\/1458\/revisions"}],"predecessor-version":[{"id":2630,"href":"https:\/\/gappesagem.com.br\/site\/wp-json\/wp\/v2\/pages\/1458\/revisions\/2630"}],"wp:attachment":[{"href":"https:\/\/gappesagem.com.br\/site\/wp-json\/wp\/v2\/media?parent=1458"}],"curies":[{"name":"wp","href":"https:\/\/api.w.org\/{rel}","templated":true}]}}