{"id":1452,"date":"2022-05-31T09:57:18","date_gmt":"2022-05-31T12:57:18","guid":{"rendered":"https:\/\/gappesagem.com.br\/site\/?page_id=1452"},"modified":"2023-06-14T19:16:03","modified_gmt":"2023-06-14T22:16:03","slug":"celula-de-carga-de-alta-capacidade-para-elevacao-de-carga","status":"publish","type":"page","link":"https:\/\/gappesagem.com.br\/site\/celula-de-carga-de-alta-capacidade-para-elevacao-de-carga\/","title":{"rendered":"C\u00e9lula de carga de alta capacidade para eleva\u00e7\u00e3o de carga"},"content":{"rendered":"<p><span style=\"color: #333399;\"><strong>De 400 a 1000 tf<\/strong><\/span><\/p>\n<ul>\n<li><span style=\"color: #333399;\"><em>Para medi\u00e7\u00f5es de cargas em geral de alt\u00edssima capacidade.<\/em><\/span><\/li>\n<li><span style=\"color: #333399;\"><em>Sistemas de pesagem suspensos para a ind\u00fastria.<\/em><\/span><\/li>\n<\/ul>\n<p><img decoding=\"async\" class=\" wp-image-1112 alignleft\" src=\"http:\/\/gappesagem.com.br\/wp-content\/uploads\/2018\/04\/image015.png\" alt=\"\" width=\"174\" height=\"235\" \/> <img decoding=\"async\" class=\"size-full wp-image-1113 alignright\" src=\"https:\/\/gappesagem.com.br\/site\/wp-content\/uploads\/2023\/06\/displaymulti.png\" alt=\"\" width=\"215\" height=\"219\" \/><\/p>\n<p>&nbsp;<\/p>\n<p>&nbsp;<\/p>\n<p style=\"text-align:center;\">Instaladas diretamente em guindastes de alta capacidade para medi\u00e7\u00e3o precisa da carga.<br \/>\nDispensa o uso de manilhas auxiliares e trabalha com sistema port\u00e1til de monitoramento de carga para guindastes atrav\u00e9s de indica\u00e7\u00e3o em display multi fun\u00e7\u00f5es no interior da cabine por sistema  wireless.<\/p>\n<p>&nbsp;<\/p>\n<p>&nbsp;<\/p>\n<p style=\"text-align:center;\">\n<a href=\"https:\/\/gappesagem.com.br\/site\/contato\/\"><img decoding=\"async\" class=\"aligncenter wp-image-1179\" src=\"https:\/\/gappesagem.com.br\/site\/wp-content\/uploads\/2022\/05\/banner_paginas2018.png\" alt=\"\" width=\"420\" height=\"78\" \/><\/a><\/p>\n","protected":false},"excerpt":{"rendered":"<p>De 400 a 1000 tf Para medi\u00e7\u00f5es de cargas em geral de alt\u00edssima capacidade. Sistemas de pesagem suspensos para a ind\u00fastria. &nbsp; &nbsp; Instaladas diretamente em guindastes de alta capacidade<\/p>\n","protected":false},"author":1,"featured_media":0,"parent":0,"menu_order":0,"comment_status":"closed","ping_status":"closed","template":"","meta":{"_joinchat":[],"footnotes":""},"class_list":{"1":"page","2":"type-page","3":"status-publish","4":"hentry"},"_links":{"self":[{"href":"https:\/\/gappesagem.com.br\/site\/wp-json\/wp\/v2\/pages\/1452","targetHints":{"allow":["GET"]}}],"collection":[{"href":"https:\/\/gappesagem.com.br\/site\/wp-json\/wp\/v2\/pages"}],"about":[{"href":"https:\/\/gappesagem.com.br\/site\/wp-json\/wp\/v2\/types\/page"}],"author":[{"embeddable":true,"href":"https:\/\/gappesagem.com.br\/site\/wp-json\/wp\/v2\/users\/1"}],"replies":[{"embeddable":true,"href":"https:\/\/gappesagem.com.br\/site\/wp-json\/wp\/v2\/comments?post=1452"}],"version-history":[{"count":5,"href":"https:\/\/gappesagem.com.br\/site\/wp-json\/wp\/v2\/pages\/1452\/revisions"}],"predecessor-version":[{"id":2600,"href":"https:\/\/gappesagem.com.br\/site\/wp-json\/wp\/v2\/pages\/1452\/revisions\/2600"}],"wp:attachment":[{"href":"https:\/\/gappesagem.com.br\/site\/wp-json\/wp\/v2\/media?parent=1452"}],"curies":[{"name":"wp","href":"https:\/\/api.w.org\/{rel}","templated":true}]}}