{"id":1310,"date":"2022-05-27T10:01:27","date_gmt":"2022-05-27T13:01:27","guid":{"rendered":"https:\/\/gappesagem.com.br\/site\/?page_id=1310"},"modified":"2022-06-07T08:11:39","modified_gmt":"2022-06-07T11:11:39","slug":"balanca-de-fluxo","status":"publish","type":"page","link":"https:\/\/gappesagem.com.br\/site\/balanca-de-fluxo\/","title":{"rendered":"Balan\u00e7a de Fluxo"},"content":{"rendered":"<div style=\"margin: 0 auto; width: 80%;\">\n<p style=\"text-align: justify;\"><img decoding=\"async\" class=\"alignleft size-full wp-image-243\" src=\"http:\/\/gappesagem.com.br\/wp-content\/uploads\/2016\/06\/bf.jpg\" alt=\"bf\" width=\"220\" height=\"203\" \/><\/p>\n<h3><strong>Fluxo: De 10 a 4000 m\u00b3\/h <\/strong><\/h3>\n<p>A balan\u00e7a de fluxo destina-se \u00e0 pesagem autom\u00e1tica de fluxo (ou processo) de <strong>produtos granulados secos<\/strong> que escoam bem, como os <strong>cereais, gr\u00e3os, a\u00e7\u00facar, fertilizantes, fosfatos e muitos outros derivados granulados \u00e0 granel.<\/strong><\/p>\n<p>Associada a um sistema eletr\u00f4nico que faz a fun\u00e7\u00e3o de totalizador descont\u00ednuo, a estrutura, basicamente, envolve dois principais subconjuntos mec\u00e2nicos:<\/p>\n<ul>\n<li>Uma se\u00e7\u00e3o de alimenta\u00e7\u00e3o por gravidade, com fechamento por comporta.<\/li>\n<li>Uma tremonha de pesagem, montada sobre c\u00e9lulas de carga equipada com uma comporta de esvaziamento. A montagem destes sub-conjuntos com parafusos facilita sua substitui\u00e7\u00e3o se necess\u00e1rio. O ciclo de pesagem \u00e9 gerado por sistema que controla cada comporta por meio de um comando eletropneum\u00e1tico.<\/li>\n<\/ul>\n<ul style=\"margin-left:90px;\">\n<li>Pesagem de Cereais: De 15 a 90 m\u00b3\/h<\/li>\n<li>Pesagem de gr\u00e3os, a\u00e7\u00facar, fertilizantes, fosfatos e outros: De 30 a 4000m\u00b3\/h<\/li>\n<li>Precis\u00e3o: Classe 0,2 (\u00b10,1%)<br \/>\n&nbsp;&nbsp;&nbsp;&nbsp;&nbsp;&nbsp;&nbsp;&nbsp;&nbsp;&nbsp;&nbsp;&nbsp;&nbsp;&nbsp;&nbsp;&nbsp;Classe 0,5 (\u00b10,25%)<\/li>\n<\/ul>\n<\/div>\n<p>&nbsp;<\/p>\n<div style=\"margin: 0 auto; width: 80%;\">\n<p style=\"text-align: center;\"><a href=\"https:\/\/gappesagem.com.br\/site\/contato\/\"><img decoding=\"async\" class=\"aligncenter wp-image-1179\" src=\"https:\/\/gappesagem.com.br\/site\/wp-content\/uploads\/2022\/05\/banner_paginas2018.png\" alt=\"\" width=\"420\" height=\"78\" \/><\/a><\/p>\n<\/div>\n","protected":false},"excerpt":{"rendered":"<p>Fluxo: De 10 a 4000 m\u00b3\/h A balan\u00e7a de fluxo destina-se \u00e0 pesagem autom\u00e1tica de fluxo (ou processo) de produtos granulados secos que escoam bem, como os cereais, gr\u00e3os, a\u00e7\u00facar,<\/p>\n","protected":false},"author":1,"featured_media":0,"parent":0,"menu_order":0,"comment_status":"closed","ping_status":"closed","template":"","meta":{"_joinchat":[],"footnotes":""},"class_list":{"1":"page","2":"type-page","3":"status-publish","4":"hentry"},"_links":{"self":[{"href":"https:\/\/gappesagem.com.br\/site\/wp-json\/wp\/v2\/pages\/1310","targetHints":{"allow":["GET"]}}],"collection":[{"href":"https:\/\/gappesagem.com.br\/site\/wp-json\/wp\/v2\/pages"}],"about":[{"href":"https:\/\/gappesagem.com.br\/site\/wp-json\/wp\/v2\/types\/page"}],"author":[{"embeddable":true,"href":"https:\/\/gappesagem.com.br\/site\/wp-json\/wp\/v2\/users\/1"}],"replies":[{"embeddable":true,"href":"https:\/\/gappesagem.com.br\/site\/wp-json\/wp\/v2\/comments?post=1310"}],"version-history":[{"count":19,"href":"https:\/\/gappesagem.com.br\/site\/wp-json\/wp\/v2\/pages\/1310\/revisions"}],"predecessor-version":[{"id":1727,"href":"https:\/\/gappesagem.com.br\/site\/wp-json\/wp\/v2\/pages\/1310\/revisions\/1727"}],"wp:attachment":[{"href":"https:\/\/gappesagem.com.br\/site\/wp-json\/wp\/v2\/media?parent=1310"}],"curies":[{"name":"wp","href":"https:\/\/api.w.org\/{rel}","templated":true}]}}