{"id":1296,"date":"2022-05-26T16:21:21","date_gmt":"2022-05-26T19:21:21","guid":{"rendered":"https:\/\/gappesagem.com.br\/site\/?page_id=1296"},"modified":"2022-06-28T09:24:35","modified_gmt":"2022-06-28T12:24:35","slug":"sensores-de-pressao","status":"publish","type":"page","link":"https:\/\/gappesagem.com.br\/site\/sensores-de-pressao\/","title":{"rendered":"Sensores de Press\u00e3o"},"content":{"rendered":"<style type=\"text\/css\">\n<!-- \n.imgMs {height:150px;}\n@media only screen and (max-width: 791px) {\n.imgMs {width:100%;height:100%;}\n}\n-->\n<\/style>\n<div style=\"margin: 0 auto; width: 80%;\">\n<h2><strong>Press\u00e3o<\/strong><\/h2>\n<p><img fetchpriority=\"high\" decoding=\"async\" class=\"alignleft wp-image-1778\" src=\"https:\/\/gappesagem.com.br\/site\/wp-content\/uploads\/2022\/06\/foto_9.jpg\" alt=\"\" width=\"516\" height=\"265\" srcset=\"https:\/\/gappesagem.com.br\/site\/wp-content\/uploads\/2022\/06\/foto_9.jpg 584w, https:\/\/gappesagem.com.br\/site\/wp-content\/uploads\/2022\/06\/foto_9-300x154.jpg 300w\" sizes=\"(max-width: 516px) 100vw, 516px\" \/><\/p>\n<p>&nbsp;<\/p>\n<p>&nbsp;<\/p>\n<p>&nbsp;<\/p>\n<p>&nbsp;<\/p>\n<p>&nbsp;<\/p>\n<p>&nbsp;<\/p>\n<p>&nbsp;<\/p>\n<p><strong>Sensores de press\u00e3o piezoel\u00e9tricos <\/strong><br \/>\n<span style=\"color: #0000ff;\"><em>Sensores piezoel\u00e9tricos ideais para medi\u00e7\u00f5es din\u00e2micas e pequenas flutua\u00e7\u00f5es de press\u00e3o em altos n\u00edveis de press\u00e3o est\u00e1tica devido \u00e0s suas altas frequ\u00eancias naturais.<\/em><\/span><\/p>\n<p><img decoding=\"async\" class=\"imgMs alignleft wp-image-1777\" style=\"margin-right: 25px;\" src=\"https:\/\/gappesagem.com.br\/site\/wp-content\/uploads\/2022\/06\/foto_10.jpg\" alt=\"\" width=\"163\" height=\"216\" \/><\/p>\n<ul>\n<li>Pequenas flutua\u00e7\u00f5es de press\u00e3o (pulsa\u00e7\u00f5es de press\u00e3o) podem ser medidas em altos n\u00edveis de press\u00e3o est\u00e1tica.<\/li>\n<li>Um sensor de press\u00e3o pode cobrir amplas faixas de medi\u00e7\u00e3o, de mbar (mPSI) a 10 kbar (145 kPSI)<\/li>\n<li>Tempos de subida muito curtos (1 \u03bcs) resp. frequ\u00eancias naturais muito altas (500 kHz).<\/li>\n<li>Faixa de temperatura muito ampla, de criog\u00eanica a 350 \u00b0C (660 \u00b0F).<\/li>\n<li>Dimens\u00f5es do sensor ultracompacto.<\/li>\n<li>Carga (PE) e sa\u00edda de tens\u00e3o (IEPE).<\/li>\n<\/ul>\n<p>&nbsp;<\/p>\n<p><strong>Sensores de press\u00e3o piezoresistivos<\/strong><br \/>\n<span style=\"color: #0000ff;\"><em>Sensores piezoresistivos ideais para medir curvas de press\u00e3o est\u00e1tica.<\/em><\/span><br \/>\n<img decoding=\"async\" class=\"imgMs alignleft wp-image-1776\" src=\"https:\/\/gappesagem.com.br\/site\/wp-content\/uploads\/2022\/06\/foto_11.jpg\" alt=\"\" width=\"289\" height=\"210\" srcset=\"https:\/\/gappesagem.com.br\/site\/wp-content\/uploads\/2022\/06\/foto_11.jpg 413w, https:\/\/gappesagem.com.br\/site\/wp-content\/uploads\/2022\/06\/foto_11-300x218.jpg 300w\" sizes=\"(max-width: 289px) 100vw, 289px\" \/><\/p>\n<ul style=\"margin: 0 0 20px 35%;\">\n<li>Medi\u00e7\u00f5es de press\u00e3o est\u00e1tica e quase est\u00e1tica de alta precis\u00e3o.<\/li>\n<li>Ampla faixa de temperatura, de \u201340 a 200 \u00b0C (\u201340 a 390 \u00b0F).<\/li>\n<li>Pequenas dimens\u00f5es do sensor (por exemplo, M5).<\/li>\n<li>Dispon\u00edvel com amplificadores de sinal integrados.<\/li>\n<li>Certifica\u00e7\u00e3o ATEX opcional.<\/li>\n<li>Tens\u00e3o (mV ou V) e sa\u00edda de corrente (mA).<\/li>\n<\/ul>\n<p>&nbsp;<\/p>\n<p style=\"text-align:center;\">\n<a href=\"https:\/\/gappesagem.com.br\/site\/contato\/\"><img loading=\"lazy\" decoding=\"async\" class=\"aligncenter wp-image-1179\" src=\"https:\/\/gappesagem.com.br\/site\/wp-content\/uploads\/2022\/05\/banner_paginas2018.png\" alt=\"\" width=\"420\" height=\"78\" \/><\/a>\n<\/p>\n<\/div>\n","protected":false},"excerpt":{"rendered":"<p>Press\u00e3o &nbsp; &nbsp; &nbsp; &nbsp; &nbsp; &nbsp; &nbsp; Sensores de press\u00e3o piezoel\u00e9tricos Sensores piezoel\u00e9tricos ideais para medi\u00e7\u00f5es din\u00e2micas e pequenas flutua\u00e7\u00f5es de press\u00e3o em altos n\u00edveis de press\u00e3o est\u00e1tica devido<\/p>\n","protected":false},"author":1,"featured_media":0,"parent":0,"menu_order":0,"comment_status":"closed","ping_status":"closed","template":"","meta":{"_joinchat":[],"footnotes":""},"class_list":{"1":"page","2":"type-page","3":"status-publish","4":"hentry"},"_links":{"self":[{"href":"https:\/\/gappesagem.com.br\/site\/wp-json\/wp\/v2\/pages\/1296","targetHints":{"allow":["GET"]}}],"collection":[{"href":"https:\/\/gappesagem.com.br\/site\/wp-json\/wp\/v2\/pages"}],"about":[{"href":"https:\/\/gappesagem.com.br\/site\/wp-json\/wp\/v2\/types\/page"}],"author":[{"embeddable":true,"href":"https:\/\/gappesagem.com.br\/site\/wp-json\/wp\/v2\/users\/1"}],"replies":[{"embeddable":true,"href":"https:\/\/gappesagem.com.br\/site\/wp-json\/wp\/v2\/comments?post=1296"}],"version-history":[{"count":20,"href":"https:\/\/gappesagem.com.br\/site\/wp-json\/wp\/v2\/pages\/1296\/revisions"}],"predecessor-version":[{"id":1970,"href":"https:\/\/gappesagem.com.br\/site\/wp-json\/wp\/v2\/pages\/1296\/revisions\/1970"}],"wp:attachment":[{"href":"https:\/\/gappesagem.com.br\/site\/wp-json\/wp\/v2\/media?parent=1296"}],"curies":[{"name":"wp","href":"https:\/\/api.w.org\/{rel}","templated":true}]}}