{"id":1294,"date":"2022-05-26T16:19:25","date_gmt":"2022-05-26T19:19:25","guid":{"rendered":"https:\/\/gappesagem.com.br\/site\/?page_id=1294"},"modified":"2022-07-06T11:26:55","modified_gmt":"2022-07-06T14:26:55","slug":"sensores-de-forca-2","status":"publish","type":"page","link":"https:\/\/gappesagem.com.br\/site\/sensores-de-forca-2\/","title":{"rendered":"Sensores de For\u00e7a \/ Deforma\u00e7\u00e3o"},"content":{"rendered":"<style type=\"text\/css\"><span style=\"display: inline-block; width: 0px; overflow: hidden; line-height: 0;\" data-mce-type=\"bookmark\" class=\"mce_SELRES_start\">\ufeff<\/span><br \/><!-- .imgMs {height:150px;} @media only screen and (max-width: 791px) { .imgMs {width:100%;height:100%;} } --><br \/><\/style>\n<div style=\"margin: 0 auto; width: 80%;\">\n<h2>For\u00e7a <span style=\"font-size: 18px;\">( C\u00e9lulas de carga )<\/span><\/h2>\n<p><img fetchpriority=\"high\" decoding=\"async\" class=\"alignleft size-full wp-image-1746\" src=\"https:\/\/gappesagem.com.br\/site\/wp-content\/uploads\/2022\/06\/sens_forca.jpg\" alt=\"SENSORES FOR\u00c7A, PRESS\u00c3O, TORQUE E VIBRA\u00c7\u00c3O.\" width=\"500\" height=\"188\" srcset=\"https:\/\/gappesagem.com.br\/site\/wp-content\/uploads\/2022\/06\/sens_forca.jpg 500w, https:\/\/gappesagem.com.br\/site\/wp-content\/uploads\/2022\/06\/sens_forca-300x113.jpg 300w\" sizes=\"(max-width: 500px) 100vw, 500px\" \/><\/p>\n<p>&nbsp;<\/p>\n<p>&nbsp;<\/p>\n<p>&nbsp;<\/p>\n<p>&nbsp;<\/p>\n<p>&nbsp;<\/p>\n<p><span style=\"color: #0000ff;\"><em>Ideais para medi\u00e7\u00e3o de for\u00e7as din\u00e2micas e quase est\u00e1ticas de 1 ou 3 componentes em aplica\u00e7\u00f5es de pesquisa e desenvolvimento, e tamb\u00e9m para for\u00e7as muito pequenas sob altas cargas iniciais est\u00e1ticas.<\/em><\/span><\/p>\n<p><strong>Sensores de for\u00e7a de 1 componente<\/strong><br \/>\n<span style=\"color: #0000ff;\"><em>Ideal para espa\u00e7os limitados.<\/em><\/span><br \/>\n<img decoding=\"async\" class=\"imgMs wp-image-1750 alignleft\" style=\"margin-right: 25px;\" src=\"https:\/\/gappesagem.com.br\/site\/wp-content\/uploads\/2022\/06\/foto_2-300x263.jpg\" alt=\"\" width=\"171\" height=\"150\" srcset=\"https:\/\/gappesagem.com.br\/site\/wp-content\/uploads\/2022\/06\/foto_2-300x263.jpg 300w, https:\/\/gappesagem.com.br\/site\/wp-content\/uploads\/2022\/06\/foto_2.jpg 342w\" sizes=\"(max-width: 171px) 100vw, 171px\" \/><\/p>\n<ul>\n<li>Tamanho compacto e alta rigidez.<\/li>\n<li>Tamanho do sensor dependendo da for\u00e7a m\u00e1xima.<\/li>\n<li>A for\u00e7a Fz varia de 2,5 a 1 200 kN (incl. pr\u00e9-carga).<\/li>\n<\/ul>\n<p>&nbsp;<\/p>\n<p><strong>Conex\u00f5es sensoras de for\u00e7a de 1 componente<\/strong><br \/>\n<span style=\"color: #0000ff;\"><em>Ideal para medi\u00e7\u00f5es r\u00e1pidas e instala\u00e7\u00e3o simples.<\/em><\/span><br \/>\n<img decoding=\"async\" class=\"imgMs alignleft wp-image-1759\" src=\"https:\/\/gappesagem.com.br\/site\/wp-content\/uploads\/2022\/06\/foto_3-300x197.jpg\" alt=\"\" width=\"228\" height=\"150\" srcset=\"https:\/\/gappesagem.com.br\/site\/wp-content\/uploads\/2022\/06\/foto_3-300x197.jpg 300w, https:\/\/gappesagem.com.br\/site\/wp-content\/uploads\/2022\/06\/foto_3.jpg 457w\" sizes=\"(max-width: 228px) 100vw, 228px\" \/><\/p>\n<ul style=\"margin: 0 0 20px 30%;\">\n<li>Sensor de for\u00e7a pr\u00e9-carregado e pr\u00e9-calibrado.<\/li>\n<li>A for\u00e7a Fz varia de 2,5 a 700 kN.<\/li>\n<li>Vers\u00f5es de alta sensibilidade para faixas de for\u00e7a Fz de 50 a 500 N.<\/li>\n<\/ul>\n<p>&nbsp;<\/p>\n<p><strong>Sensores de for\u00e7a de 3 componentes<\/strong><br \/>\n<span style=\"color: #0000ff;\"><em>Ideal para espa\u00e7os limitados.<\/em><\/span><br \/>\n<img loading=\"lazy\" decoding=\"async\" class=\"imgMs wp-image-1762 alignleft\" style=\"margin-right: 25px;\" src=\"https:\/\/gappesagem.com.br\/site\/wp-content\/uploads\/2022\/06\/foto_4.jpg\" alt=\"\" width=\"211\" height=\"150\" \/><\/p>\n<ul>\n<li>Mede todos os tr\u00eas componentes de for\u00e7a simultaneamente (Fx, Fy, Fz).<\/li>\n<li>Tamanho compacto e alta rigidez.<\/li>\n<li>A for\u00e7a varia Fx,y de 1,5 a 75 kN.<\/li>\n<li>A for\u00e7a Fz varia de 3 a 150 kN (incl. pr\u00e9-carga).<\/li>\n<li>Sa\u00edda com conector de 3 pinos f\u00e1cil de usar.<\/li>\n<\/ul>\n<p><strong>Conex\u00f5es de for\u00e7a de 3 componentes<\/strong><br \/>\n<span style=\"color: #0000ff;\"><em>Ideal para medi\u00e7\u00f5es r\u00e1pidas e instala\u00e7\u00e3o simples.<\/em><\/span><br \/>\n<img loading=\"lazy\" decoding=\"async\" class=\"imgMs alignleft wp-image-1765 \" style=\"margin-right: 25px;\" src=\"https:\/\/gappesagem.com.br\/site\/wp-content\/uploads\/2022\/06\/foto_5.jpg\" alt=\"\" width=\"219\" height=\"222\" srcset=\"https:\/\/gappesagem.com.br\/site\/wp-content\/uploads\/2022\/06\/foto_5.jpg 296w, https:\/\/gappesagem.com.br\/site\/wp-content\/uploads\/2022\/06\/foto_5-100x100.jpg 100w\" sizes=\"(max-width: 219px) 100vw, 219px\" \/><\/p>\n<ul>\n<li>Mede todos os tr\u00eas componentes de for\u00e7a simultaneamente (Fx, Fy, Fz).<\/li>\n<li>Sensor de for\u00e7a pr\u00e9-carregado e pr\u00e9-calibrado.<\/li>\n<li>A for\u00e7a Fx,y varia de 0,5 a 75 kN (dependendo do momento fletor).<\/li>\n<li>A for\u00e7a Fz varia de 3 a 150 kN.<\/li>\n<li>Sa\u00edda com conector de 3 pinos f\u00e1cil de usar.<\/li>\n<li>4 conex\u00f5es de for\u00e7a podem ser combinados para criar um dinam\u00f4metro para medi\u00e7\u00f5es de torque.<\/li>\n<li>Alguns sensores est\u00e3o dispon\u00edveis com cristais PiezoStar para substancialmente ter maior sensibilidade.<\/li>\n<\/ul>\n<p><strong>Dinam\u00f4metros<\/strong><br \/>\n<span style=\"color: #0000ff;\"><em>Ideal para medi\u00e7\u00f5es r\u00e1pidas e instala\u00e7\u00e3o simples.<\/em><\/span><br \/>\n<img loading=\"lazy\" decoding=\"async\" class=\"imgMs alignleft wp-image-1769\" src=\"https:\/\/gappesagem.com.br\/site\/wp-content\/uploads\/2022\/06\/foto_6-300x205.jpg\" alt=\"\" width=\"249\" height=\"170\" srcset=\"https:\/\/gappesagem.com.br\/site\/wp-content\/uploads\/2022\/06\/foto_6-300x205.jpg 300w, https:\/\/gappesagem.com.br\/site\/wp-content\/uploads\/2022\/06\/foto_6.jpg 440w\" sizes=\"(max-width: 249px) 100vw, 249px\" \/><\/p>\n<ul style=\"margin: 0 0 20px 32%;\">\n<li>Consiste em quatro sensores de for\u00e7a de 3 componentes pr\u00e9-carregados montados em uma placa superior e base.<\/li>\n<li>Pr\u00e9-calibrado, pronto para medir com alta precis\u00e3o.<\/li>\n<li>Mede todos os tr\u00eas componentes de for\u00e7a simultaneamente (Fx, Fy, Fz).<\/li>\n<li>Medi\u00e7\u00f5es opcionais de 6 componentes (for\u00e7as e momentos) poss\u00edvel.<\/li>\n<li>IP67 selado, adequado para ambientes agressivos.<\/li>\n<\/ul>\n<\/div>\n<p>&nbsp;<\/p>\n<div style=\"margin: 0 auto; width: 80%;\">\n<p><strong>C\u00e9lulas de carga tipo Strain Gage<\/strong><\/p>\n<figure id=\"attachment_2000\" aria-describedby=\"caption-attachment-2000\" style=\"width: 191px\" class=\"wp-caption alignleft\"><img loading=\"lazy\" decoding=\"async\" style=\"\" class=\"wp-image-2000 \" src=\"https:\/\/gappesagem.com.br\/site\/wp-content\/uploads\/2022\/07\/4576.png\" alt=\"C\u00e9lulas de Carga\" width=\"191\" height=\"170\" \/><figcaption id=\"caption-attachment-2000\" class=\"wp-caption-text\">T\/C- Capacidades: 0,5 a 200kN (Di\u00e2metros de 54,5 a 155mm)<\/figcaption><\/figure>\n<p><img loading=\"lazy\" decoding=\"async\" src=\"https:\/\/gappesagem.com.br\/site\/wp-content\/uploads\/2022\/07\/22tr.png\" alt=\"\" width=\"22\" height=\"22\" class=\"alignleft size-full wp-image-2022\" \/><\/p>\n<figure id=\"attachment_1998\" aria-describedby=\"caption-attachment-1998\" style=\"width: 179px\" class=\"wp-caption alignleft\"><img loading=\"lazy\" decoding=\"async\" class=\"wp-image-1998 size-full\" src=\"https:\/\/gappesagem.com.br\/site\/wp-content\/uploads\/2022\/07\/4577.png\" alt=\"C\u00e9lulas de Carga\" width=\"179\" height=\"161\" \/><figcaption id=\"caption-attachment-1998\" class=\"wp-caption-text\">Miniatura -C \u2013 Capacidades: 0,1 a 200kN ( Di\u00e2metros de 31,8 a 76,2mm)<\/figcaption><\/figure>\n<p><img loading=\"lazy\" decoding=\"async\" src=\"https:\/\/gappesagem.com.br\/site\/wp-content\/uploads\/2022\/07\/22tr.png\" alt=\"\" width=\"22\" height=\"22\" class=\"alignleft size-full wp-image-2022\" \/><\/p>\n<figure id=\"attachment_1999\" aria-describedby=\"caption-attachment-1999\" style=\"width: 186px\" class=\"wp-caption alignleft\"><img loading=\"lazy\" decoding=\"async\" class=\"wp-image-1999 \" src=\"https:\/\/gappesagem.com.br\/site\/wp-content\/uploads\/2022\/07\/4579.png\" alt=\"C\u00e9lulas de Carga\" width=\"186\" height=\"151\" \/><figcaption id=\"caption-attachment-1999\" class=\"wp-caption-text\">T\/C &#8211; Capacidades: 0 a 0,1kN e de 0 a 10kN (Di\u00e2metro de 70 mm)<\/figcaption><\/figure>\n<p><img loading=\"lazy\" decoding=\"async\" src=\"https:\/\/gappesagem.com.br\/site\/wp-content\/uploads\/2022\/07\/22tr.png\" alt=\"\" width=\"22\" height=\"22\" class=\"alignleft size-full wp-image-2022\" \/><\/p>\n<figure id=\"attachment_1997\" aria-describedby=\"caption-attachment-1997\" style=\"width: 204px\" class=\"wp-caption alignleft\"><img loading=\"lazy\" decoding=\"async\" class=\"wp-image-1997 \" src=\"https:\/\/gappesagem.com.br\/site\/wp-content\/uploads\/2022\/07\/4578.png\" alt=\"C\u00e9lulas de Carga\" width=\"204\" height=\"151\" \/><figcaption id=\"caption-attachment-1997\" class=\"wp-caption-text\">T\/C- Capacidades: 0 a 20 kN e de 0 a 500 kN ( Di\u00e2metro m\u00e1x. 203mm)<\/figcaption><\/figure>\n<h2>&nbsp;<\/h2>\n<h2>&nbsp;<\/h2>\n<h2>&nbsp;<\/h2>\n<h2>&nbsp;<\/h2>\n<h2>&nbsp;<\/h2>\n<h2>Deforma\u00e7\u00e3o<\/h2>\n<p><span style=\"color: #0000ff;\"><em>Ideais para medi\u00e7\u00e3o de tens\u00f5es em grandes estruturas.<\/em><\/span><\/p>\n<p><strong>Sensores Piezoel\u00e9tricos de deforma\u00e7\u00e3o de superf\u00edcie<\/strong><br \/>\n<img loading=\"lazy\" decoding=\"async\" class=\"imgMs alignleft wp-image-1771\" style=\"margin-right: 25px;\" src=\"https:\/\/gappesagem.com.br\/site\/wp-content\/uploads\/2022\/06\/foto_7-300x264.jpg\" alt=\"\" width=\"183\" height=\"161\" srcset=\"https:\/\/gappesagem.com.br\/site\/wp-content\/uploads\/2022\/06\/foto_7-300x264.jpg 300w, https:\/\/gappesagem.com.br\/site\/wp-content\/uploads\/2022\/06\/foto_7.jpg 338w\" sizes=\"(max-width: 183px) 100vw, 183px\" \/><\/p>\n<ul>\n<li>Montagem simples na superf\u00edcie da estrutura com um parafuso.<\/li>\n<li>Ideal para aplica\u00e7\u00f5es industriais.<\/li>\n<li>Faixa de tens\u00e3o de 20 a 800 \u00b5\u0190.<\/li>\n<\/ul>\n<p>&nbsp;<\/p>\n<p>&nbsp;<\/p>\n<p><strong>Pinos Piezoel\u00e9tricos de medi\u00e7\u00e3o de deforma\u00e7\u00e3o<\/strong><br \/>\n<img loading=\"lazy\" decoding=\"async\" class=\"imgMs alignleft wp-image-1774\" style=\"margin-right: 25px;\" src=\"https:\/\/gappesagem.com.br\/site\/wp-content\/uploads\/2022\/06\/foto_8.jpg\" alt=\"\" width=\"173\" height=\"223\" \/><\/p>\n<ul>\n<li>Montagem em furo cego.<\/li>\n<li>Medi\u00e7\u00e3o de deforma\u00e7\u00e3o paralela ou em \u00e2ngulo reto com o furo de montagem.<\/li>\n<li>Ideal para aplica\u00e7\u00f5es em pesquisa.<\/li>\n<li>Faixa de tens\u00e3o de at\u00e9 1.500 \u00b5\u0190.<\/li>\n<\/ul>\n<p>&nbsp;<\/p>\n<div style=\"margin: 0 auto; width: 80%;\">\n<p style=\"text-align: center;\"><a href=\"https:\/\/gappesagem.com.br\/site\/contato\/\"><img loading=\"lazy\" decoding=\"async\" class=\"aligncenter wp-image-1179\" src=\"https:\/\/gappesagem.com.br\/site\/wp-content\/uploads\/2022\/05\/banner_paginas2018.png\" alt=\"\" width=\"420\" height=\"78\" \/><\/a><\/p>\n<\/div>\n<\/div>\n","protected":false},"excerpt":{"rendered":"<p>For\u00e7a ( C\u00e9lulas de carga ) &nbsp; &nbsp; &nbsp; &nbsp; &nbsp; Ideais para medi\u00e7\u00e3o de for\u00e7as din\u00e2micas e quase est\u00e1ticas de 1 ou 3 componentes em aplica\u00e7\u00f5es de pesquisa e<\/p>\n","protected":false},"author":1,"featured_media":0,"parent":0,"menu_order":0,"comment_status":"closed","ping_status":"closed","template":"","meta":{"_joinchat":[],"footnotes":""},"class_list":{"1":"page","2":"type-page","3":"status-publish","4":"hentry"},"_links":{"self":[{"href":"https:\/\/gappesagem.com.br\/site\/wp-json\/wp\/v2\/pages\/1294","targetHints":{"allow":["GET"]}}],"collection":[{"href":"https:\/\/gappesagem.com.br\/site\/wp-json\/wp\/v2\/pages"}],"about":[{"href":"https:\/\/gappesagem.com.br\/site\/wp-json\/wp\/v2\/types\/page"}],"author":[{"embeddable":true,"href":"https:\/\/gappesagem.com.br\/site\/wp-json\/wp\/v2\/users\/1"}],"replies":[{"embeddable":true,"href":"https:\/\/gappesagem.com.br\/site\/wp-json\/wp\/v2\/comments?post=1294"}],"version-history":[{"count":77,"href":"https:\/\/gappesagem.com.br\/site\/wp-json\/wp\/v2\/pages\/1294\/revisions"}],"predecessor-version":[{"id":2025,"href":"https:\/\/gappesagem.com.br\/site\/wp-json\/wp\/v2\/pages\/1294\/revisions\/2025"}],"wp:attachment":[{"href":"https:\/\/gappesagem.com.br\/site\/wp-json\/wp\/v2\/media?parent=1294"}],"curies":[{"name":"wp","href":"https:\/\/api.w.org\/{rel}","templated":true}]}}